{"id":13,"date":"2011-01-10T03:15:00","date_gmt":"2011-01-10T03:15:00","guid":{"rendered":"http:\/\/190.54.12.94\/~atrapasu\/?page_id=13"},"modified":"2021-11-08T21:55:16","modified_gmt":"2021-11-08T21:55:16","slug":"proyectos","status":"publish","type":"page","link":"https:\/\/www.atrapasuenos.cl\/?page_id=13","title":{"rendered":"Proyectos y Noticias"},"content":{"rendered":"<p><span style=\"color: #ffffff;\">Los proyectos de la Corporaci\u00f3n Atrapasue\u00f1os tienen como campo de desarrollo principal las actividades relacionadas con la investigaci\u00f3n, promoci\u00f3n, prevenci\u00f3n y rehabilitaci\u00f3n psicosocial en el \u00e1mbito de la Salud Mental.<\/span><\/p>\n<p><span style=\"color: #ffffff;\">Actualmente nos queremos dirigir en pesquisar las necesidades de los cuidadores formales e informales que se enfrentan a diario a las demandas que implica cuidar a una persona con alg\u00fan grado de dependencia. Es por esto que te damos la oportunidad de dirigirte hacia nosotros para colaborar en esta causa.<\/span><\/p>\n<p><span style=\"color: #ffffff;\">Si quieres ser parte de nuestros colaboradores, favor llena el siguiente formulario. Gracias<\/span><\/p>\n<p>[\/av_textblock]<\/p>\n<p>[av_heading tag=&#8217;h3&#8242; padding=&#8217;10&#8217; heading=&#8217;Colabora con nosotros aqu\u00ed &#8216; color=\u00bb style=\u00bb custom_font=\u00bb size=\u00bb subheading_active=\u00bb subheading_size=&#8217;15&#8217; custom_class=\u00bb][\/av_heading]<\/p>\n<p>[av_contact email=&#8217;trubilar@atrapasuenos.cl, contacto@atrapasuenos.cl&#8217; title=\u00bb button=&#8217;Enviar&#8217; on_send=\u00bb sent=&#8217;\u00a1Tu mensaje se ha enviado correctamente!&#8217; link=&#8217;manually,http:\/\/&#8217; subject=&#8217;Corporaci\u00f3n Atrapasue\u00f1os&#8217; autorespond=&#8217;Muchas gracias por su contacto.&#8217; captcha=\u00bb form_align=\u00bb color=\u00bb]<br \/>\n[av_contact_field label=&#8217;Nombre&#8217; type=&#8217;text&#8217; options=\u00bb check=&#8217;is_empty&#8217; width=\u00bb multi_select=\u00bb][\/av_contact_field]<br \/>\n[av_contact_field label=&#8217;Correo electr\u00f3nico&#8217; type=&#8217;text&#8217; check=&#8217;is_email&#8217; options=\u00bb multi_select=\u00bb width=\u00bb][\/av_contact_field]<br \/>\n[av_contact_field label=&#8217;Mensaje&#8217; type=&#8217;textarea&#8217; check=&#8217;is_empty&#8217; options=\u00bb multi_select=\u00bb width=\u00bb][\/av_contact_field]<br \/>\n[\/av_contact]<\/p>\n<p>[\/av_two_fifth]<\/p>\n","protected":false},"excerpt":{"rendered":"<p>Los proyectos de la Corporaci\u00f3n Atrapasue\u00f1os tienen como campo de desarrollo principal las actividades relacionadas con la investigaci\u00f3n, promoci\u00f3n, prevenci\u00f3n y rehabilitaci\u00f3n psicosocial en el \u00e1mbito de la Salud Mental. Actualmente nos queremos dirigir en pesquisar las necesidades de los cuidadores formales e informales que se enfrentan a diario a las demandas que implica cuidar a una persona con alg\u00fan [&hellip;]<\/p>\n","protected":false},"author":3,"featured_media":0,"parent":0,"menu_order":4,"comment_status":"closed","ping_status":"closed","template":"","meta":{"footnotes":""},"class_list":["post-13","page","type-page","status-publish","hentry"],"yoast_head":"<!-- This site is optimized with the Yoast SEO plugin v23.4 - https:\/\/yoast.com\/wordpress\/plugins\/seo\/ -->\n<title>Proyectos y Noticias - Corporaci\u00f3n Atrapasue\u00f1os<\/title>\n<meta name=\"robots\" content=\"index, follow, max-snippet:-1, max-image-preview:large, max-video-preview:-1\" \/>\n<link rel=\"canonical\" href=\"https:\/\/www.atrapasuenos.cl\/?page_id=13\" \/>\n<meta property=\"og:locale\" content=\"es_ES\" \/>\n<meta property=\"og:type\" content=\"article\" \/>\n<meta property=\"og:title\" content=\"Proyectos y Noticias - Corporaci\u00f3n Atrapasue\u00f1os\" \/>\n<meta property=\"og:description\" content=\"Los proyectos de la Corporaci\u00f3n Atrapasue\u00f1os tienen como campo de desarrollo principal las actividades relacionadas con la investigaci\u00f3n, promoci\u00f3n, prevenci\u00f3n y rehabilitaci\u00f3n psicosocial en el \u00e1mbito de la Salud Mental. Actualmente nos queremos dirigir en pesquisar las necesidades de los cuidadores formales e informales que se enfrentan a diario a las demandas que implica cuidar a una persona con alg\u00fan [&hellip;]\" \/>\n<meta property=\"og:url\" content=\"https:\/\/www.atrapasuenos.cl\/?page_id=13\" \/>\n<meta property=\"og:site_name\" content=\"Corporaci\u00f3n Atrapasue\u00f1os\" \/>\n<meta property=\"article:publisher\" content=\"https:\/\/www.facebook.com\/atrapasuenos.cl\" \/>\n<meta property=\"article:modified_time\" content=\"2021-11-08T21:55:16+00:00\" \/>\n<meta name=\"twitter:card\" content=\"summary_large_image\" \/>\n<meta name=\"twitter:label1\" content=\"Tiempo de lectura\" \/>\n\t<meta name=\"twitter:data1\" content=\"1 minuto\" \/>\n<script type=\"application\/ld+json\" class=\"yoast-schema-graph\">{\"@context\":\"https:\/\/schema.org\",\"@graph\":[{\"@type\":\"WebPage\",\"@id\":\"https:\/\/www.atrapasuenos.cl\/?page_id=13\",\"url\":\"https:\/\/www.atrapasuenos.cl\/?page_id=13\",\"name\":\"Proyectos y Noticias - Corporaci\u00f3n Atrapasue\u00f1os\",\"isPartOf\":{\"@id\":\"https:\/\/www.atrapasuenos.cl\/#website\"},\"datePublished\":\"2011-01-10T03:15:00+00:00\",\"dateModified\":\"2021-11-08T21:55:16+00:00\",\"breadcrumb\":{\"@id\":\"https:\/\/www.atrapasuenos.cl\/?page_id=13#breadcrumb\"},\"inLanguage\":\"es\",\"potentialAction\":[{\"@type\":\"ReadAction\",\"target\":[\"https:\/\/www.atrapasuenos.cl\/?page_id=13\"]}]},{\"@type\":\"BreadcrumbList\",\"@id\":\"https:\/\/www.atrapasuenos.cl\/?page_id=13#breadcrumb\",\"itemListElement\":[{\"@type\":\"ListItem\",\"position\":1,\"name\":\"Portada\",\"item\":\"https:\/\/www.atrapasuenos.cl\/\"},{\"@type\":\"ListItem\",\"position\":2,\"name\":\"Proyectos y Noticias\"}]},{\"@type\":\"WebSite\",\"@id\":\"https:\/\/www.atrapasuenos.cl\/#website\",\"url\":\"https:\/\/www.atrapasuenos.cl\/\",\"name\":\"Corporaci\u00f3n Atrapasue\u00f1os\",\"description\":\"ILUMINA UNA VIDA, DONA SALUD MENTAL\",\"publisher\":{\"@id\":\"https:\/\/www.atrapasuenos.cl\/#organization\"},\"potentialAction\":[{\"@type\":\"SearchAction\",\"target\":{\"@type\":\"EntryPoint\",\"urlTemplate\":\"https:\/\/www.atrapasuenos.cl\/?s={search_term_string}\"},\"query-input\":{\"@type\":\"PropertyValueSpecification\",\"valueRequired\":true,\"valueName\":\"search_term_string\"}}],\"inLanguage\":\"es\"},{\"@type\":\"Organization\",\"@id\":\"https:\/\/www.atrapasuenos.cl\/#organization\",\"name\":\"Corporaci\u00f3n Atrapasue\u00f1os\",\"url\":\"https:\/\/www.atrapasuenos.cl\/\",\"logo\":{\"@type\":\"ImageObject\",\"inLanguage\":\"es\",\"@id\":\"https:\/\/www.atrapasuenos.cl\/#\/schema\/logo\/image\/\",\"url\":\"http:\/\/www.atrapasuenos.cl\/wp-content\/uploads\/2021\/12\/GC_ATRAPASUENOS.png\",\"contentUrl\":\"http:\/\/www.atrapasuenos.cl\/wp-content\/uploads\/2021\/12\/GC_ATRAPASUENOS.png\",\"width\":300,\"height\":300,\"caption\":\"Corporaci\u00f3n Atrapasue\u00f1os\"},\"image\":{\"@id\":\"https:\/\/www.atrapasuenos.cl\/#\/schema\/logo\/image\/\"},\"sameAs\":[\"https:\/\/www.facebook.com\/atrapasuenos.cl\",\"https:\/\/www.instagram.com\/atrapasuenos.corp\/\"]}]}<\/script>\n<!-- \/ Yoast SEO plugin. -->","yoast_head_json":{"title":"Proyectos y Noticias - Corporaci\u00f3n Atrapasue\u00f1os","robots":{"index":"index","follow":"follow","max-snippet":"max-snippet:-1","max-image-preview":"max-image-preview:large","max-video-preview":"max-video-preview:-1"},"canonical":"https:\/\/www.atrapasuenos.cl\/?page_id=13","og_locale":"es_ES","og_type":"article","og_title":"Proyectos y Noticias - Corporaci\u00f3n Atrapasue\u00f1os","og_description":"Los proyectos de la Corporaci\u00f3n Atrapasue\u00f1os tienen como campo de desarrollo principal las actividades relacionadas con la investigaci\u00f3n, promoci\u00f3n, prevenci\u00f3n y rehabilitaci\u00f3n psicosocial en el \u00e1mbito de la Salud Mental. Actualmente nos queremos dirigir en pesquisar las necesidades de los cuidadores formales e informales que se enfrentan a diario a las demandas que implica cuidar a una persona con alg\u00fan [&hellip;]","og_url":"https:\/\/www.atrapasuenos.cl\/?page_id=13","og_site_name":"Corporaci\u00f3n Atrapasue\u00f1os","article_publisher":"https:\/\/www.facebook.com\/atrapasuenos.cl","article_modified_time":"2021-11-08T21:55:16+00:00","twitter_card":"summary_large_image","twitter_misc":{"Tiempo de lectura":"1 minuto"},"schema":{"@context":"https:\/\/schema.org","@graph":[{"@type":"WebPage","@id":"https:\/\/www.atrapasuenos.cl\/?page_id=13","url":"https:\/\/www.atrapasuenos.cl\/?page_id=13","name":"Proyectos y Noticias - Corporaci\u00f3n Atrapasue\u00f1os","isPartOf":{"@id":"https:\/\/www.atrapasuenos.cl\/#website"},"datePublished":"2011-01-10T03:15:00+00:00","dateModified":"2021-11-08T21:55:16+00:00","breadcrumb":{"@id":"https:\/\/www.atrapasuenos.cl\/?page_id=13#breadcrumb"},"inLanguage":"es","potentialAction":[{"@type":"ReadAction","target":["https:\/\/www.atrapasuenos.cl\/?page_id=13"]}]},{"@type":"BreadcrumbList","@id":"https:\/\/www.atrapasuenos.cl\/?page_id=13#breadcrumb","itemListElement":[{"@type":"ListItem","position":1,"name":"Portada","item":"https:\/\/www.atrapasuenos.cl\/"},{"@type":"ListItem","position":2,"name":"Proyectos y Noticias"}]},{"@type":"WebSite","@id":"https:\/\/www.atrapasuenos.cl\/#website","url":"https:\/\/www.atrapasuenos.cl\/","name":"Corporaci\u00f3n Atrapasue\u00f1os","description":"ILUMINA UNA VIDA, DONA SALUD MENTAL","publisher":{"@id":"https:\/\/www.atrapasuenos.cl\/#organization"},"potentialAction":[{"@type":"SearchAction","target":{"@type":"EntryPoint","urlTemplate":"https:\/\/www.atrapasuenos.cl\/?s={search_term_string}"},"query-input":{"@type":"PropertyValueSpecification","valueRequired":true,"valueName":"search_term_string"}}],"inLanguage":"es"},{"@type":"Organization","@id":"https:\/\/www.atrapasuenos.cl\/#organization","name":"Corporaci\u00f3n Atrapasue\u00f1os","url":"https:\/\/www.atrapasuenos.cl\/","logo":{"@type":"ImageObject","inLanguage":"es","@id":"https:\/\/www.atrapasuenos.cl\/#\/schema\/logo\/image\/","url":"http:\/\/www.atrapasuenos.cl\/wp-content\/uploads\/2021\/12\/GC_ATRAPASUENOS.png","contentUrl":"http:\/\/www.atrapasuenos.cl\/wp-content\/uploads\/2021\/12\/GC_ATRAPASUENOS.png","width":300,"height":300,"caption":"Corporaci\u00f3n Atrapasue\u00f1os"},"image":{"@id":"https:\/\/www.atrapasuenos.cl\/#\/schema\/logo\/image\/"},"sameAs":["https:\/\/www.facebook.com\/atrapasuenos.cl","https:\/\/www.instagram.com\/atrapasuenos.corp\/"]}]}},"_links":{"self":[{"href":"https:\/\/www.atrapasuenos.cl\/index.php?rest_route=\/wp\/v2\/pages\/13","targetHints":{"allow":["GET"]}}],"collection":[{"href":"https:\/\/www.atrapasuenos.cl\/index.php?rest_route=\/wp\/v2\/pages"}],"about":[{"href":"https:\/\/www.atrapasuenos.cl\/index.php?rest_route=\/wp\/v2\/types\/page"}],"author":[{"embeddable":true,"href":"https:\/\/www.atrapasuenos.cl\/index.php?rest_route=\/wp\/v2\/users\/3"}],"replies":[{"embeddable":true,"href":"https:\/\/www.atrapasuenos.cl\/index.php?rest_route=%2Fwp%2Fv2%2Fcomments&post=13"}],"version-history":[{"count":33,"href":"https:\/\/www.atrapasuenos.cl\/index.php?rest_route=\/wp\/v2\/pages\/13\/revisions"}],"predecessor-version":[{"id":1720,"href":"https:\/\/www.atrapasuenos.cl\/index.php?rest_route=\/wp\/v2\/pages\/13\/revisions\/1720"}],"wp:attachment":[{"href":"https:\/\/www.atrapasuenos.cl\/index.php?rest_route=%2Fwp%2Fv2%2Fmedia&parent=13"}],"curies":[{"name":"wp","href":"https:\/\/api.w.org\/{rel}","templated":true}]}}