{"id":2234,"date":"2022-12-09T17:40:53","date_gmt":"2022-12-09T17:40:53","guid":{"rendered":"https:\/\/www.atrapasuenos.cl\/?page_id=2234"},"modified":"2025-11-26T16:26:03","modified_gmt":"2025-11-26T16:26:03","slug":"fecus","status":"publish","type":"page","link":"https:\/\/www.atrapasuenos.cl\/?page_id=2234","title":{"rendered":"FECU\u00b4S"},"content":{"rendered":"\n<p><strong><em><sub>Fecu Social: en esta secci\u00f3n podr\u00e1s encontrar las FECU\u00b4S anuales de Atrapasue\u00f1os<\/sub><\/em><\/strong><\/p>\n\n\n\n<p>Cumpliendo con la transparencia que nos caracteriza, mostramos a continuaci\u00f3n las FECU\u00b4S presentadas al Ministerio de Justicia y Comunidad de Organizaciones solidarias en los \u00faltimos cinco a\u00f1os: 2019, 2020, 2021, 2022 y 2023.<\/p>\n\n\n\n<p>Puedes revisarlas en los siguientes enlaces:<\/p>\n\n\n\n<p>click aqu\u00ed \ud83d\udc49<a href=\"http:\/\/www.atrapasuenos.cl\/wp-content\/uploads\/2022\/12\/FECU-SOCIAL-2020-vfinal.pdf\" target=\"_blank\" rel=\"noreferrer noopener\">Gesti\u00f3n 2019  <\/a><\/p>\n\n\n\n<p>click aqu\u00ed \ud83d\udc49<a href=\"http:\/\/www.atrapasuenos.cl\/wp-content\/uploads\/2022\/12\/FECU-SOCIAL-2021-vfinal.pdf\" target=\"_blank\" rel=\"noreferrer noopener\">Gesti\u00f3n 2020<\/a><\/p>\n\n\n\n<p>click aqu\u00ed \ud83d\udc49<a href=\"http:\/\/www.atrapasuenos.cl\/wp-content\/uploads\/2022\/12\/FECU-SOCIAL-2022-ATRAPASUENOS.pdf\" target=\"_blank\" rel=\"noreferrer noopener\">Gesti\u00f3n 2021 <\/a><\/p>\n\n\n\n<p>click aqu\u00ed \ud83d\udc49<a href=\"http:\/\/qa.atrapasuenos.cl\/wp-content\/uploads\/2023\/08\/FECU-SOCIAL-2023-VFINAL-desde-Fecu-Web.pdf\" target=\"_blank\" rel=\"noreferrer noopener\">Gesti\u00f3n 2022<\/a><\/p>\n\n\n\n<p>click aqu\u00ed\ud83d\udc49 <a href=\"http:\/\/qa.atrapasuenos.cl\/wp-content\/uploads\/2024\/06\/FECU-WEB-SOCIAL-2024-VFINAL.pdf\" target=\"_blank\" rel=\"noreferrer noopener\">Gesti\u00f3n 2023<\/a><\/p>\n\n\n\n<p>click aqu\u00ed\ud83d\udc49<a href=\"http:\/\/qa.atrapasuenos.cl\/wp-content\/uploads\/2025\/11\/FECU-WEB-SOCIAL-2025.pdf\">Gesti\u00f3n 2024<\/a><\/p>\n\n\n<div class=\"wp-block-image\">\n<figure class=\"aligncenter size-large is-resized\"><a href=\"http:\/\/www.atrapasuenos.cl\/wp-content\/uploads\/2022\/12\/Sello-FECU-cualquier-fondo-1.png\"><img loading=\"lazy\" decoding=\"async\" width=\"1030\" height=\"974\" src=\"http:\/\/www.atrapasuenos.cl\/wp-content\/uploads\/2022\/12\/Sello-FECU-cualquier-fondo-1-1030x974.png\" alt=\"\" class=\"wp-image-2247\" style=\"width:201px;height:190px\" srcset=\"https:\/\/www.atrapasuenos.cl\/wp-content\/uploads\/2022\/12\/Sello-FECU-cualquier-fondo-1-1030x974.png 1030w, https:\/\/www.atrapasuenos.cl\/wp-content\/uploads\/2022\/12\/Sello-FECU-cualquier-fondo-1-300x284.png 300w, https:\/\/www.atrapasuenos.cl\/wp-content\/uploads\/2022\/12\/Sello-FECU-cualquier-fondo-1-768x727.png 768w, https:\/\/www.atrapasuenos.cl\/wp-content\/uploads\/2022\/12\/Sello-FECU-cualquier-fondo-1-350x331.png 350w, https:\/\/www.atrapasuenos.cl\/wp-content\/uploads\/2022\/12\/Sello-FECU-cualquier-fondo-1.png 1149w\" sizes=\"auto, (max-width: 1030px) 100vw, 1030px\" \/><\/a><figcaption class=\"wp-element-caption\">Sello de cumplimiento a\u00f1o 2020, otorgado en el a\u00f1o 2021<\/figcaption><\/figure><\/div>\n\n<div class=\"wp-block-image\">\n<figure class=\"aligncenter size-full\"><a href=\"https:\/\/qa.atrapasuenos.cl\/wp-content\/uploads\/2023\/12\/CERTIFICADO-FECU-ANO-2022-ENTREGADO-EN-2023.jpg\"><img loading=\"lazy\" decoding=\"async\" width=\"888\" height=\"628\" src=\"https:\/\/qa.atrapasuenos.cl\/wp-content\/uploads\/2023\/12\/CERTIFICADO-FECU-ANO-2022-ENTREGADO-EN-2023.jpg\" alt=\"\" class=\"wp-image-2796\" srcset=\"https:\/\/www.atrapasuenos.cl\/wp-content\/uploads\/2023\/12\/CERTIFICADO-FECU-ANO-2022-ENTREGADO-EN-2023.jpg 888w, https:\/\/www.atrapasuenos.cl\/wp-content\/uploads\/2023\/12\/CERTIFICADO-FECU-ANO-2022-ENTREGADO-EN-2023-300x212.jpg 300w, https:\/\/www.atrapasuenos.cl\/wp-content\/uploads\/2023\/12\/CERTIFICADO-FECU-ANO-2022-ENTREGADO-EN-2023-768x543.jpg 768w\" sizes=\"auto, (max-width: 888px) 100vw, 888px\" \/><\/a><figcaption class=\"wp-element-caption\">Certificado entregado por la gesti\u00f3n de 2022 en Ceremonia 2023<\/figcaption><\/figure><\/div>\n\n<div class=\"wp-block-image\">\n<figure class=\"aligncenter size-large is-resized\"><a href=\"http:\/\/qa.atrapasuenos.cl\/wp-content\/uploads\/2023\/11\/RECEPCION-DE-CERTIFICADO.jpg\"><img loading=\"lazy\" decoding=\"async\" width=\"1030\" height=\"687\" src=\"http:\/\/qa.atrapasuenos.cl\/wp-content\/uploads\/2023\/11\/RECEPCION-DE-CERTIFICADO-1030x687.jpg\" alt=\"\" class=\"wp-image-2764\" style=\"width:795px;height:auto\" srcset=\"https:\/\/www.atrapasuenos.cl\/wp-content\/uploads\/2023\/11\/RECEPCION-DE-CERTIFICADO-1030x687.jpg 1030w, https:\/\/www.atrapasuenos.cl\/wp-content\/uploads\/2023\/11\/RECEPCION-DE-CERTIFICADO-300x200.jpg 300w, https:\/\/www.atrapasuenos.cl\/wp-content\/uploads\/2023\/11\/RECEPCION-DE-CERTIFICADO-768x512.jpg 768w, https:\/\/www.atrapasuenos.cl\/wp-content\/uploads\/2023\/11\/RECEPCION-DE-CERTIFICADO-1536x1024.jpg 1536w, https:\/\/www.atrapasuenos.cl\/wp-content\/uploads\/2023\/11\/RECEPCION-DE-CERTIFICADO-2048x1366.jpg 2048w, https:\/\/www.atrapasuenos.cl\/wp-content\/uploads\/2023\/11\/RECEPCION-DE-CERTIFICADO-600x400.jpg 600w\" sizes=\"auto, (max-width: 1030px) 100vw, 1030px\" \/><\/a><figcaption class=\"wp-element-caption\">Momento de reconocimiento en ceremonia Fecu Social 2023 COS<\/figcaption><\/figure><\/div>","protected":false},"excerpt":{"rendered":"<p>Fecu Social: en esta secci\u00f3n podr\u00e1s encontrar las FECU\u00b4S anuales de Atrapasue\u00f1os Cumpliendo con la transparencia que nos caracteriza, mostramos a continuaci\u00f3n las FECU\u00b4S presentadas al Ministerio de Justicia y Comunidad de Organizaciones solidarias en los \u00faltimos cinco a\u00f1os: 2019, 2020, 2021, 2022 y 2023. Puedes revisarlas en los siguientes enlaces: click aqu\u00ed \ud83d\udc49Gesti\u00f3n 2019 click aqu\u00ed \ud83d\udc49Gesti\u00f3n 2020 click [&hellip;]<\/p>\n","protected":false},"author":3,"featured_media":0,"parent":0,"menu_order":0,"comment_status":"closed","ping_status":"closed","template":"","meta":{"footnotes":""},"class_list":["post-2234","page","type-page","status-publish","hentry"],"yoast_head":"<!-- This site is optimized with the Yoast SEO plugin v23.4 - https:\/\/yoast.com\/wordpress\/plugins\/seo\/ -->\n<title>FECU\u00b4S - Corporaci\u00f3n Atrapasue\u00f1os<\/title>\n<meta name=\"robots\" content=\"index, follow, max-snippet:-1, max-image-preview:large, max-video-preview:-1\" \/>\n<link rel=\"canonical\" href=\"https:\/\/www.atrapasuenos.cl\/?page_id=2234\" \/>\n<meta property=\"og:locale\" content=\"es_ES\" \/>\n<meta property=\"og:type\" content=\"article\" \/>\n<meta property=\"og:title\" content=\"FECU\u00b4S - Corporaci\u00f3n Atrapasue\u00f1os\" \/>\n<meta property=\"og:description\" content=\"Fecu Social: en esta secci\u00f3n podr\u00e1s encontrar las FECU\u00b4S anuales de Atrapasue\u00f1os Cumpliendo con la transparencia que nos caracteriza, mostramos a continuaci\u00f3n las FECU\u00b4S presentadas al Ministerio de Justicia y Comunidad de Organizaciones solidarias en los \u00faltimos cinco a\u00f1os: 2019, 2020, 2021, 2022 y 2023. Puedes revisarlas en los siguientes enlaces: click aqu\u00ed \ud83d\udc49Gesti\u00f3n 2019 click aqu\u00ed \ud83d\udc49Gesti\u00f3n 2020 click [&hellip;]\" \/>\n<meta property=\"og:url\" content=\"https:\/\/www.atrapasuenos.cl\/?page_id=2234\" \/>\n<meta property=\"og:site_name\" content=\"Corporaci\u00f3n Atrapasue\u00f1os\" \/>\n<meta property=\"article:publisher\" content=\"https:\/\/www.facebook.com\/atrapasuenos.cl\" \/>\n<meta property=\"article:modified_time\" content=\"2025-11-26T16:26:03+00:00\" \/>\n<meta property=\"og:image\" content=\"http:\/\/www.atrapasuenos.cl\/wp-content\/uploads\/2022\/12\/Sello-FECU-cualquier-fondo-1-1030x974.png\" \/>\n<meta name=\"twitter:card\" content=\"summary_large_image\" \/>\n<meta name=\"twitter:label1\" content=\"Tiempo de lectura\" \/>\n\t<meta name=\"twitter:data1\" content=\"2 minutos\" \/>\n<script type=\"application\/ld+json\" class=\"yoast-schema-graph\">{\"@context\":\"https:\/\/schema.org\",\"@graph\":[{\"@type\":\"WebPage\",\"@id\":\"https:\/\/www.atrapasuenos.cl\/?page_id=2234\",\"url\":\"https:\/\/www.atrapasuenos.cl\/?page_id=2234\",\"name\":\"FECU\u00b4S - Corporaci\u00f3n Atrapasue\u00f1os\",\"isPartOf\":{\"@id\":\"https:\/\/www.atrapasuenos.cl\/#website\"},\"primaryImageOfPage\":{\"@id\":\"https:\/\/www.atrapasuenos.cl\/?page_id=2234#primaryimage\"},\"image\":{\"@id\":\"https:\/\/www.atrapasuenos.cl\/?page_id=2234#primaryimage\"},\"thumbnailUrl\":\"http:\/\/www.atrapasuenos.cl\/wp-content\/uploads\/2022\/12\/Sello-FECU-cualquier-fondo-1-1030x974.png\",\"datePublished\":\"2022-12-09T17:40:53+00:00\",\"dateModified\":\"2025-11-26T16:26:03+00:00\",\"breadcrumb\":{\"@id\":\"https:\/\/www.atrapasuenos.cl\/?page_id=2234#breadcrumb\"},\"inLanguage\":\"es\",\"potentialAction\":[{\"@type\":\"ReadAction\",\"target\":[\"https:\/\/www.atrapasuenos.cl\/?page_id=2234\"]}]},{\"@type\":\"ImageObject\",\"inLanguage\":\"es\",\"@id\":\"https:\/\/www.atrapasuenos.cl\/?page_id=2234#primaryimage\",\"url\":\"https:\/\/www.atrapasuenos.cl\/wp-content\/uploads\/2022\/12\/Sello-FECU-cualquier-fondo-1.png\",\"contentUrl\":\"https:\/\/www.atrapasuenos.cl\/wp-content\/uploads\/2022\/12\/Sello-FECU-cualquier-fondo-1.png\",\"width\":1149,\"height\":1087},{\"@type\":\"BreadcrumbList\",\"@id\":\"https:\/\/www.atrapasuenos.cl\/?page_id=2234#breadcrumb\",\"itemListElement\":[{\"@type\":\"ListItem\",\"position\":1,\"name\":\"Portada\",\"item\":\"https:\/\/www.atrapasuenos.cl\/\"},{\"@type\":\"ListItem\",\"position\":2,\"name\":\"FECU\u00b4S\"}]},{\"@type\":\"WebSite\",\"@id\":\"https:\/\/www.atrapasuenos.cl\/#website\",\"url\":\"https:\/\/www.atrapasuenos.cl\/\",\"name\":\"Corporaci\u00f3n Atrapasue\u00f1os\",\"description\":\"ILUMINA UNA VIDA, DONA SALUD MENTAL\",\"publisher\":{\"@id\":\"https:\/\/www.atrapasuenos.cl\/#organization\"},\"potentialAction\":[{\"@type\":\"SearchAction\",\"target\":{\"@type\":\"EntryPoint\",\"urlTemplate\":\"https:\/\/www.atrapasuenos.cl\/?s={search_term_string}\"},\"query-input\":{\"@type\":\"PropertyValueSpecification\",\"valueRequired\":true,\"valueName\":\"search_term_string\"}}],\"inLanguage\":\"es\"},{\"@type\":\"Organization\",\"@id\":\"https:\/\/www.atrapasuenos.cl\/#organization\",\"name\":\"Corporaci\u00f3n Atrapasue\u00f1os\",\"url\":\"https:\/\/www.atrapasuenos.cl\/\",\"logo\":{\"@type\":\"ImageObject\",\"inLanguage\":\"es\",\"@id\":\"https:\/\/www.atrapasuenos.cl\/#\/schema\/logo\/image\/\",\"url\":\"http:\/\/www.atrapasuenos.cl\/wp-content\/uploads\/2021\/12\/GC_ATRAPASUENOS.png\",\"contentUrl\":\"http:\/\/www.atrapasuenos.cl\/wp-content\/uploads\/2021\/12\/GC_ATRAPASUENOS.png\",\"width\":300,\"height\":300,\"caption\":\"Corporaci\u00f3n Atrapasue\u00f1os\"},\"image\":{\"@id\":\"https:\/\/www.atrapasuenos.cl\/#\/schema\/logo\/image\/\"},\"sameAs\":[\"https:\/\/www.facebook.com\/atrapasuenos.cl\",\"https:\/\/www.instagram.com\/atrapasuenos.corp\/\"]}]}<\/script>\n<!-- \/ Yoast SEO plugin. -->","yoast_head_json":{"title":"FECU\u00b4S - Corporaci\u00f3n Atrapasue\u00f1os","robots":{"index":"index","follow":"follow","max-snippet":"max-snippet:-1","max-image-preview":"max-image-preview:large","max-video-preview":"max-video-preview:-1"},"canonical":"https:\/\/www.atrapasuenos.cl\/?page_id=2234","og_locale":"es_ES","og_type":"article","og_title":"FECU\u00b4S - Corporaci\u00f3n Atrapasue\u00f1os","og_description":"Fecu Social: en esta secci\u00f3n podr\u00e1s encontrar las FECU\u00b4S anuales de Atrapasue\u00f1os Cumpliendo con la transparencia que nos caracteriza, mostramos a continuaci\u00f3n las FECU\u00b4S presentadas al Ministerio de Justicia y Comunidad de Organizaciones solidarias en los \u00faltimos cinco a\u00f1os: 2019, 2020, 2021, 2022 y 2023. Puedes revisarlas en los siguientes enlaces: click aqu\u00ed \ud83d\udc49Gesti\u00f3n 2019 click aqu\u00ed \ud83d\udc49Gesti\u00f3n 2020 click [&hellip;]","og_url":"https:\/\/www.atrapasuenos.cl\/?page_id=2234","og_site_name":"Corporaci\u00f3n Atrapasue\u00f1os","article_publisher":"https:\/\/www.facebook.com\/atrapasuenos.cl","article_modified_time":"2025-11-26T16:26:03+00:00","og_image":[{"url":"http:\/\/www.atrapasuenos.cl\/wp-content\/uploads\/2022\/12\/Sello-FECU-cualquier-fondo-1-1030x974.png"}],"twitter_card":"summary_large_image","twitter_misc":{"Tiempo de lectura":"2 minutos"},"schema":{"@context":"https:\/\/schema.org","@graph":[{"@type":"WebPage","@id":"https:\/\/www.atrapasuenos.cl\/?page_id=2234","url":"https:\/\/www.atrapasuenos.cl\/?page_id=2234","name":"FECU\u00b4S - Corporaci\u00f3n Atrapasue\u00f1os","isPartOf":{"@id":"https:\/\/www.atrapasuenos.cl\/#website"},"primaryImageOfPage":{"@id":"https:\/\/www.atrapasuenos.cl\/?page_id=2234#primaryimage"},"image":{"@id":"https:\/\/www.atrapasuenos.cl\/?page_id=2234#primaryimage"},"thumbnailUrl":"http:\/\/www.atrapasuenos.cl\/wp-content\/uploads\/2022\/12\/Sello-FECU-cualquier-fondo-1-1030x974.png","datePublished":"2022-12-09T17:40:53+00:00","dateModified":"2025-11-26T16:26:03+00:00","breadcrumb":{"@id":"https:\/\/www.atrapasuenos.cl\/?page_id=2234#breadcrumb"},"inLanguage":"es","potentialAction":[{"@type":"ReadAction","target":["https:\/\/www.atrapasuenos.cl\/?page_id=2234"]}]},{"@type":"ImageObject","inLanguage":"es","@id":"https:\/\/www.atrapasuenos.cl\/?page_id=2234#primaryimage","url":"https:\/\/www.atrapasuenos.cl\/wp-content\/uploads\/2022\/12\/Sello-FECU-cualquier-fondo-1.png","contentUrl":"https:\/\/www.atrapasuenos.cl\/wp-content\/uploads\/2022\/12\/Sello-FECU-cualquier-fondo-1.png","width":1149,"height":1087},{"@type":"BreadcrumbList","@id":"https:\/\/www.atrapasuenos.cl\/?page_id=2234#breadcrumb","itemListElement":[{"@type":"ListItem","position":1,"name":"Portada","item":"https:\/\/www.atrapasuenos.cl\/"},{"@type":"ListItem","position":2,"name":"FECU\u00b4S"}]},{"@type":"WebSite","@id":"https:\/\/www.atrapasuenos.cl\/#website","url":"https:\/\/www.atrapasuenos.cl\/","name":"Corporaci\u00f3n Atrapasue\u00f1os","description":"ILUMINA UNA VIDA, DONA SALUD MENTAL","publisher":{"@id":"https:\/\/www.atrapasuenos.cl\/#organization"},"potentialAction":[{"@type":"SearchAction","target":{"@type":"EntryPoint","urlTemplate":"https:\/\/www.atrapasuenos.cl\/?s={search_term_string}"},"query-input":{"@type":"PropertyValueSpecification","valueRequired":true,"valueName":"search_term_string"}}],"inLanguage":"es"},{"@type":"Organization","@id":"https:\/\/www.atrapasuenos.cl\/#organization","name":"Corporaci\u00f3n Atrapasue\u00f1os","url":"https:\/\/www.atrapasuenos.cl\/","logo":{"@type":"ImageObject","inLanguage":"es","@id":"https:\/\/www.atrapasuenos.cl\/#\/schema\/logo\/image\/","url":"http:\/\/www.atrapasuenos.cl\/wp-content\/uploads\/2021\/12\/GC_ATRAPASUENOS.png","contentUrl":"http:\/\/www.atrapasuenos.cl\/wp-content\/uploads\/2021\/12\/GC_ATRAPASUENOS.png","width":300,"height":300,"caption":"Corporaci\u00f3n Atrapasue\u00f1os"},"image":{"@id":"https:\/\/www.atrapasuenos.cl\/#\/schema\/logo\/image\/"},"sameAs":["https:\/\/www.facebook.com\/atrapasuenos.cl","https:\/\/www.instagram.com\/atrapasuenos.corp\/"]}]}},"_links":{"self":[{"href":"https:\/\/www.atrapasuenos.cl\/index.php?rest_route=\/wp\/v2\/pages\/2234","targetHints":{"allow":["GET"]}}],"collection":[{"href":"https:\/\/www.atrapasuenos.cl\/index.php?rest_route=\/wp\/v2\/pages"}],"about":[{"href":"https:\/\/www.atrapasuenos.cl\/index.php?rest_route=\/wp\/v2\/types\/page"}],"author":[{"embeddable":true,"href":"https:\/\/www.atrapasuenos.cl\/index.php?rest_route=\/wp\/v2\/users\/3"}],"replies":[{"embeddable":true,"href":"https:\/\/www.atrapasuenos.cl\/index.php?rest_route=%2Fwp%2Fv2%2Fcomments&post=2234"}],"version-history":[{"count":10,"href":"https:\/\/www.atrapasuenos.cl\/index.php?rest_route=\/wp\/v2\/pages\/2234\/revisions"}],"predecessor-version":[{"id":3190,"href":"https:\/\/www.atrapasuenos.cl\/index.php?rest_route=\/wp\/v2\/pages\/2234\/revisions\/3190"}],"wp:attachment":[{"href":"https:\/\/www.atrapasuenos.cl\/index.php?rest_route=%2Fwp%2Fv2%2Fmedia&parent=2234"}],"curies":[{"name":"wp","href":"https:\/\/api.w.org\/{rel}","templated":true}]}}