{"id":2263,"date":"2023-02-06T20:30:12","date_gmt":"2023-02-06T20:30:12","guid":{"rendered":"https:\/\/www.atrapasuenos.cl\/?page_id=2263"},"modified":"2023-02-14T13:51:23","modified_gmt":"2023-02-14T13:51:23","slug":"reclamos-felicitaciones-y-sugerencias","status":"publish","type":"page","link":"https:\/\/www.atrapasuenos.cl\/?page_id=2263","title":{"rendered":"Reclamos, Sugerencias y Felicitaciones"},"content":{"rendered":"<div class=\"wp-block-image\">\n<figure class=\"aligncenter size-full is-resized\"><a href=\"http:\/\/www.atrapasuenos.cl\/wp-content\/uploads\/2023\/02\/CONTACTANOS.jpg\"><img loading=\"lazy\" decoding=\"async\" src=\"http:\/\/www.atrapasuenos.cl\/wp-content\/uploads\/2023\/02\/CONTACTANOS.jpg\" alt=\"\" class=\"wp-image-2269\" width=\"258\" height=\"248\" srcset=\"https:\/\/www.atrapasuenos.cl\/wp-content\/uploads\/2023\/02\/CONTACTANOS.jpg 672w, https:\/\/www.atrapasuenos.cl\/wp-content\/uploads\/2023\/02\/CONTACTANOS-300x288.jpg 300w, https:\/\/www.atrapasuenos.cl\/wp-content\/uploads\/2023\/02\/CONTACTANOS-350x336.jpg 350w\" sizes=\"auto, (max-width: 258px) 100vw, 258px\" \/><\/a><\/figure><\/div>\n\n\n<p>En Atrapasue\u00f1os queremos ofrecerte este espacio para poder darnos tu opini\u00f3n mediante reclamos, sugerencias y\/o felicitaciones que consideraremos en nuestro proceso de Mejora Continua \ud83d\udc4d.<\/p>\n\n\n\n<p>RECLAMOS   \ud83d\udc49 <a href=\"https:\/\/cetepdata.cl\/calidad_invitado\/\" target=\"_blank\" rel=\"noreferrer noopener\">Pincha aqu\u00ed <\/a><\/p>\n\n\n\n<p>SUGERENCIAS Y FELICITACIONES  \ud83d\udc49 <a href=\"https:\/\/cetepdata.cl\/calidad_invitado\/felicitaciones\" target=\"_blank\" rel=\"noreferrer noopener\">Pincha aqu\u00ed<\/a><\/p>\n\n\n\n<p>Si deseas contactarnos, ll\u00e1manos y en la Mesa de Ayuda te orientaremos:                                   \ud83d\udc49 \u260e  <strong>232101593<\/strong>  \u260e<\/p>\n","protected":false},"excerpt":{"rendered":"<p>En Atrapasue\u00f1os queremos ofrecerte este espacio para poder darnos tu opini\u00f3n mediante reclamos, sugerencias y\/o felicitaciones que consideraremos en nuestro proceso de Mejora Continua \ud83d\udc4d. RECLAMOS \ud83d\udc49 Pincha aqu\u00ed SUGERENCIAS Y FELICITACIONES \ud83d\udc49 Pincha aqu\u00ed Si deseas contactarnos, ll\u00e1manos y en la Mesa de Ayuda te orientaremos: \ud83d\udc49 \u260e 232101593 \u260e<\/p>\n","protected":false},"author":3,"featured_media":0,"parent":0,"menu_order":0,"comment_status":"closed","ping_status":"closed","template":"","meta":{"footnotes":""},"class_list":["post-2263","page","type-page","status-publish","hentry"],"yoast_head":"<!-- This site is optimized with the Yoast SEO plugin v23.4 - https:\/\/yoast.com\/wordpress\/plugins\/seo\/ -->\n<title>Reclamos, Sugerencias y Felicitaciones - Corporaci\u00f3n Atrapasue\u00f1os<\/title>\n<meta name=\"robots\" content=\"index, follow, max-snippet:-1, max-image-preview:large, max-video-preview:-1\" \/>\n<link rel=\"canonical\" href=\"https:\/\/www.atrapasuenos.cl\/?page_id=2263\" \/>\n<meta property=\"og:locale\" content=\"es_ES\" \/>\n<meta property=\"og:type\" content=\"article\" \/>\n<meta property=\"og:title\" content=\"Reclamos, Sugerencias y Felicitaciones - Corporaci\u00f3n Atrapasue\u00f1os\" \/>\n<meta property=\"og:description\" content=\"En Atrapasue\u00f1os queremos ofrecerte este espacio para poder darnos tu opini\u00f3n mediante reclamos, sugerencias y\/o felicitaciones que consideraremos en nuestro proceso de Mejora Continua \ud83d\udc4d. RECLAMOS \ud83d\udc49 Pincha aqu\u00ed SUGERENCIAS Y FELICITACIONES \ud83d\udc49 Pincha aqu\u00ed Si deseas contactarnos, ll\u00e1manos y en la Mesa de Ayuda te orientaremos: \ud83d\udc49 \u260e 232101593 \u260e\" \/>\n<meta property=\"og:url\" content=\"https:\/\/www.atrapasuenos.cl\/?page_id=2263\" \/>\n<meta property=\"og:site_name\" content=\"Corporaci\u00f3n Atrapasue\u00f1os\" \/>\n<meta property=\"article:publisher\" content=\"https:\/\/www.facebook.com\/atrapasuenos.cl\" \/>\n<meta property=\"article:modified_time\" content=\"2023-02-14T13:51:23+00:00\" \/>\n<meta property=\"og:image\" content=\"http:\/\/www.atrapasuenos.cl\/wp-content\/uploads\/2023\/02\/CONTACTANOS.jpg\" \/>\n<meta name=\"twitter:card\" content=\"summary_large_image\" \/>\n<meta name=\"twitter:label1\" content=\"Tiempo de lectura\" \/>\n\t<meta name=\"twitter:data1\" content=\"1 minuto\" \/>\n<script type=\"application\/ld+json\" class=\"yoast-schema-graph\">{\"@context\":\"https:\/\/schema.org\",\"@graph\":[{\"@type\":\"WebPage\",\"@id\":\"https:\/\/www.atrapasuenos.cl\/?page_id=2263\",\"url\":\"https:\/\/www.atrapasuenos.cl\/?page_id=2263\",\"name\":\"Reclamos, Sugerencias y Felicitaciones - Corporaci\u00f3n Atrapasue\u00f1os\",\"isPartOf\":{\"@id\":\"https:\/\/www.atrapasuenos.cl\/#website\"},\"primaryImageOfPage\":{\"@id\":\"https:\/\/www.atrapasuenos.cl\/?page_id=2263#primaryimage\"},\"image\":{\"@id\":\"https:\/\/www.atrapasuenos.cl\/?page_id=2263#primaryimage\"},\"thumbnailUrl\":\"http:\/\/www.atrapasuenos.cl\/wp-content\/uploads\/2023\/02\/CONTACTANOS.jpg\",\"datePublished\":\"2023-02-06T20:30:12+00:00\",\"dateModified\":\"2023-02-14T13:51:23+00:00\",\"breadcrumb\":{\"@id\":\"https:\/\/www.atrapasuenos.cl\/?page_id=2263#breadcrumb\"},\"inLanguage\":\"es\",\"potentialAction\":[{\"@type\":\"ReadAction\",\"target\":[\"https:\/\/www.atrapasuenos.cl\/?page_id=2263\"]}]},{\"@type\":\"ImageObject\",\"inLanguage\":\"es\",\"@id\":\"https:\/\/www.atrapasuenos.cl\/?page_id=2263#primaryimage\",\"url\":\"https:\/\/www.atrapasuenos.cl\/wp-content\/uploads\/2023\/02\/CONTACTANOS.jpg\",\"contentUrl\":\"https:\/\/www.atrapasuenos.cl\/wp-content\/uploads\/2023\/02\/CONTACTANOS.jpg\",\"width\":672,\"height\":646},{\"@type\":\"BreadcrumbList\",\"@id\":\"https:\/\/www.atrapasuenos.cl\/?page_id=2263#breadcrumb\",\"itemListElement\":[{\"@type\":\"ListItem\",\"position\":1,\"name\":\"Portada\",\"item\":\"https:\/\/www.atrapasuenos.cl\/\"},{\"@type\":\"ListItem\",\"position\":2,\"name\":\"Reclamos, Sugerencias y Felicitaciones\"}]},{\"@type\":\"WebSite\",\"@id\":\"https:\/\/www.atrapasuenos.cl\/#website\",\"url\":\"https:\/\/www.atrapasuenos.cl\/\",\"name\":\"Corporaci\u00f3n Atrapasue\u00f1os\",\"description\":\"ILUMINA UNA VIDA, DONA SALUD MENTAL\",\"publisher\":{\"@id\":\"https:\/\/www.atrapasuenos.cl\/#organization\"},\"potentialAction\":[{\"@type\":\"SearchAction\",\"target\":{\"@type\":\"EntryPoint\",\"urlTemplate\":\"https:\/\/www.atrapasuenos.cl\/?s={search_term_string}\"},\"query-input\":{\"@type\":\"PropertyValueSpecification\",\"valueRequired\":true,\"valueName\":\"search_term_string\"}}],\"inLanguage\":\"es\"},{\"@type\":\"Organization\",\"@id\":\"https:\/\/www.atrapasuenos.cl\/#organization\",\"name\":\"Corporaci\u00f3n Atrapasue\u00f1os\",\"url\":\"https:\/\/www.atrapasuenos.cl\/\",\"logo\":{\"@type\":\"ImageObject\",\"inLanguage\":\"es\",\"@id\":\"https:\/\/www.atrapasuenos.cl\/#\/schema\/logo\/image\/\",\"url\":\"http:\/\/www.atrapasuenos.cl\/wp-content\/uploads\/2021\/12\/GC_ATRAPASUENOS.png\",\"contentUrl\":\"http:\/\/www.atrapasuenos.cl\/wp-content\/uploads\/2021\/12\/GC_ATRAPASUENOS.png\",\"width\":300,\"height\":300,\"caption\":\"Corporaci\u00f3n Atrapasue\u00f1os\"},\"image\":{\"@id\":\"https:\/\/www.atrapasuenos.cl\/#\/schema\/logo\/image\/\"},\"sameAs\":[\"https:\/\/www.facebook.com\/atrapasuenos.cl\",\"https:\/\/www.instagram.com\/atrapasuenos.corp\/\"]}]}<\/script>\n<!-- \/ Yoast SEO plugin. -->","yoast_head_json":{"title":"Reclamos, Sugerencias y Felicitaciones - Corporaci\u00f3n Atrapasue\u00f1os","robots":{"index":"index","follow":"follow","max-snippet":"max-snippet:-1","max-image-preview":"max-image-preview:large","max-video-preview":"max-video-preview:-1"},"canonical":"https:\/\/www.atrapasuenos.cl\/?page_id=2263","og_locale":"es_ES","og_type":"article","og_title":"Reclamos, Sugerencias y Felicitaciones - Corporaci\u00f3n Atrapasue\u00f1os","og_description":"En Atrapasue\u00f1os queremos ofrecerte este espacio para poder darnos tu opini\u00f3n mediante reclamos, sugerencias y\/o felicitaciones que consideraremos en nuestro proceso de Mejora Continua \ud83d\udc4d. RECLAMOS \ud83d\udc49 Pincha aqu\u00ed SUGERENCIAS Y FELICITACIONES \ud83d\udc49 Pincha aqu\u00ed Si deseas contactarnos, ll\u00e1manos y en la Mesa de Ayuda te orientaremos: \ud83d\udc49 \u260e 232101593 \u260e","og_url":"https:\/\/www.atrapasuenos.cl\/?page_id=2263","og_site_name":"Corporaci\u00f3n Atrapasue\u00f1os","article_publisher":"https:\/\/www.facebook.com\/atrapasuenos.cl","article_modified_time":"2023-02-14T13:51:23+00:00","og_image":[{"url":"http:\/\/www.atrapasuenos.cl\/wp-content\/uploads\/2023\/02\/CONTACTANOS.jpg"}],"twitter_card":"summary_large_image","twitter_misc":{"Tiempo de lectura":"1 minuto"},"schema":{"@context":"https:\/\/schema.org","@graph":[{"@type":"WebPage","@id":"https:\/\/www.atrapasuenos.cl\/?page_id=2263","url":"https:\/\/www.atrapasuenos.cl\/?page_id=2263","name":"Reclamos, Sugerencias y Felicitaciones - Corporaci\u00f3n Atrapasue\u00f1os","isPartOf":{"@id":"https:\/\/www.atrapasuenos.cl\/#website"},"primaryImageOfPage":{"@id":"https:\/\/www.atrapasuenos.cl\/?page_id=2263#primaryimage"},"image":{"@id":"https:\/\/www.atrapasuenos.cl\/?page_id=2263#primaryimage"},"thumbnailUrl":"http:\/\/www.atrapasuenos.cl\/wp-content\/uploads\/2023\/02\/CONTACTANOS.jpg","datePublished":"2023-02-06T20:30:12+00:00","dateModified":"2023-02-14T13:51:23+00:00","breadcrumb":{"@id":"https:\/\/www.atrapasuenos.cl\/?page_id=2263#breadcrumb"},"inLanguage":"es","potentialAction":[{"@type":"ReadAction","target":["https:\/\/www.atrapasuenos.cl\/?page_id=2263"]}]},{"@type":"ImageObject","inLanguage":"es","@id":"https:\/\/www.atrapasuenos.cl\/?page_id=2263#primaryimage","url":"https:\/\/www.atrapasuenos.cl\/wp-content\/uploads\/2023\/02\/CONTACTANOS.jpg","contentUrl":"https:\/\/www.atrapasuenos.cl\/wp-content\/uploads\/2023\/02\/CONTACTANOS.jpg","width":672,"height":646},{"@type":"BreadcrumbList","@id":"https:\/\/www.atrapasuenos.cl\/?page_id=2263#breadcrumb","itemListElement":[{"@type":"ListItem","position":1,"name":"Portada","item":"https:\/\/www.atrapasuenos.cl\/"},{"@type":"ListItem","position":2,"name":"Reclamos, Sugerencias y Felicitaciones"}]},{"@type":"WebSite","@id":"https:\/\/www.atrapasuenos.cl\/#website","url":"https:\/\/www.atrapasuenos.cl\/","name":"Corporaci\u00f3n Atrapasue\u00f1os","description":"ILUMINA UNA VIDA, DONA SALUD MENTAL","publisher":{"@id":"https:\/\/www.atrapasuenos.cl\/#organization"},"potentialAction":[{"@type":"SearchAction","target":{"@type":"EntryPoint","urlTemplate":"https:\/\/www.atrapasuenos.cl\/?s={search_term_string}"},"query-input":{"@type":"PropertyValueSpecification","valueRequired":true,"valueName":"search_term_string"}}],"inLanguage":"es"},{"@type":"Organization","@id":"https:\/\/www.atrapasuenos.cl\/#organization","name":"Corporaci\u00f3n Atrapasue\u00f1os","url":"https:\/\/www.atrapasuenos.cl\/","logo":{"@type":"ImageObject","inLanguage":"es","@id":"https:\/\/www.atrapasuenos.cl\/#\/schema\/logo\/image\/","url":"http:\/\/www.atrapasuenos.cl\/wp-content\/uploads\/2021\/12\/GC_ATRAPASUENOS.png","contentUrl":"http:\/\/www.atrapasuenos.cl\/wp-content\/uploads\/2021\/12\/GC_ATRAPASUENOS.png","width":300,"height":300,"caption":"Corporaci\u00f3n Atrapasue\u00f1os"},"image":{"@id":"https:\/\/www.atrapasuenos.cl\/#\/schema\/logo\/image\/"},"sameAs":["https:\/\/www.facebook.com\/atrapasuenos.cl","https:\/\/www.instagram.com\/atrapasuenos.corp\/"]}]}},"_links":{"self":[{"href":"https:\/\/www.atrapasuenos.cl\/index.php?rest_route=\/wp\/v2\/pages\/2263","targetHints":{"allow":["GET"]}}],"collection":[{"href":"https:\/\/www.atrapasuenos.cl\/index.php?rest_route=\/wp\/v2\/pages"}],"about":[{"href":"https:\/\/www.atrapasuenos.cl\/index.php?rest_route=\/wp\/v2\/types\/page"}],"author":[{"embeddable":true,"href":"https:\/\/www.atrapasuenos.cl\/index.php?rest_route=\/wp\/v2\/users\/3"}],"replies":[{"embeddable":true,"href":"https:\/\/www.atrapasuenos.cl\/index.php?rest_route=%2Fwp%2Fv2%2Fcomments&post=2263"}],"version-history":[{"count":4,"href":"https:\/\/www.atrapasuenos.cl\/index.php?rest_route=\/wp\/v2\/pages\/2263\/revisions"}],"predecessor-version":[{"id":2283,"href":"https:\/\/www.atrapasuenos.cl\/index.php?rest_route=\/wp\/v2\/pages\/2263\/revisions\/2283"}],"wp:attachment":[{"href":"https:\/\/www.atrapasuenos.cl\/index.php?rest_route=%2Fwp%2Fv2%2Fmedia&parent=2263"}],"curies":[{"name":"wp","href":"https:\/\/api.w.org\/{rel}","templated":true}]}}