{"id":2354,"date":"2023-07-24T21:24:22","date_gmt":"2023-07-24T21:24:22","guid":{"rendered":"https:\/\/qa.atrapasuenos.cl\/?page_id=2354"},"modified":"2023-07-25T20:11:38","modified_gmt":"2023-07-25T20:11:38","slug":"mision-vision-y-valores","status":"publish","type":"page","link":"https:\/\/www.atrapasuenos.cl\/?page_id=2354","title":{"rendered":"MISI\u00d3N, VISI\u00d3N Y VALORES"},"content":{"rendered":"\n<div class=\"wp-block-group alignfull\"><div class=\"wp-block-group__inner-container is-layout-flow wp-block-group-is-layout-flow\">\n<p class=\"has-text-align-left\"><strong>MISI\u00d3N<\/strong><br>Promover las condiciones necesarias para el pleno desarrollo de personas y comunidades vulnerables de nuestra sociedad afectadas por problemas de Salud Mental.<\/p>\n\n\n\n<p class=\"has-text-align-left\"><strong>VISI\u00d3N<\/strong><br>Ser una instituci\u00f3n trascendente en la sociedad chilena, que aporte con un espacio de encuentro entre quienes anhelan entregar oportunidades de pleno desarrollo apersonas socialmente vulnerables, afectadas por problemas de salud mental, y quienes necesitan de esas oportunidades.<\/p>\n<\/div><\/div>\n\n\n\n<p class=\"has-text-align-left\"><strong>NUESTROS VALORES<\/strong><br>\ud83e\udde1Solidaridad<br>\ud83d\udc9cParticipaci\u00f3n e Integraci\u00f3n<br>\ud83d\udc9bDiversidad<br>\u2764\ufe0fEficiencia<br>\ud83d\udc9aEnfoque Integral<br>\ud83d\udc9cTransparencia<\/p>\n\n\n\n<p><\/p>\n","protected":false},"excerpt":{"rendered":"<p>MISI\u00d3NPromover las condiciones necesarias para el pleno desarrollo de personas y comunidades vulnerables de nuestra sociedad afectadas por problemas de Salud Mental. VISI\u00d3NSer una instituci\u00f3n trascendente en la sociedad chilena, que aporte con un espacio de encuentro entre quienes anhelan entregar oportunidades de pleno desarrollo apersonas socialmente vulnerables, afectadas por problemas de salud mental, y quienes necesitan de esas oportunidades. [&hellip;]<\/p>\n","protected":false},"author":3,"featured_media":0,"parent":0,"menu_order":0,"comment_status":"closed","ping_status":"closed","template":"","meta":{"footnotes":""},"class_list":["post-2354","page","type-page","status-publish","hentry"],"yoast_head":"<!-- This site is optimized with the Yoast SEO plugin v23.4 - https:\/\/yoast.com\/wordpress\/plugins\/seo\/ -->\n<title>MISI\u00d3N, VISI\u00d3N Y VALORES - Corporaci\u00f3n Atrapasue\u00f1os<\/title>\n<meta name=\"robots\" content=\"index, follow, max-snippet:-1, max-image-preview:large, max-video-preview:-1\" \/>\n<link rel=\"canonical\" href=\"https:\/\/www.atrapasuenos.cl\/?page_id=2354\" \/>\n<meta property=\"og:locale\" content=\"es_ES\" \/>\n<meta property=\"og:type\" content=\"article\" \/>\n<meta property=\"og:title\" content=\"MISI\u00d3N, VISI\u00d3N Y VALORES - Corporaci\u00f3n Atrapasue\u00f1os\" \/>\n<meta property=\"og:description\" content=\"MISI\u00d3NPromover las condiciones necesarias para el pleno desarrollo de personas y comunidades vulnerables de nuestra sociedad afectadas por problemas de Salud Mental. VISI\u00d3NSer una instituci\u00f3n trascendente en la sociedad chilena, que aporte con un espacio de encuentro entre quienes anhelan entregar oportunidades de pleno desarrollo apersonas socialmente vulnerables, afectadas por problemas de salud mental, y quienes necesitan de esas oportunidades. [&hellip;]\" \/>\n<meta property=\"og:url\" content=\"https:\/\/www.atrapasuenos.cl\/?page_id=2354\" \/>\n<meta property=\"og:site_name\" content=\"Corporaci\u00f3n Atrapasue\u00f1os\" \/>\n<meta property=\"article:publisher\" content=\"https:\/\/www.facebook.com\/atrapasuenos.cl\" \/>\n<meta property=\"article:modified_time\" content=\"2023-07-25T20:11:38+00:00\" \/>\n<meta name=\"twitter:card\" content=\"summary_large_image\" \/>\n<meta name=\"twitter:label1\" content=\"Tiempo de lectura\" \/>\n\t<meta name=\"twitter:data1\" content=\"1 minuto\" \/>\n<script type=\"application\/ld+json\" class=\"yoast-schema-graph\">{\"@context\":\"https:\/\/schema.org\",\"@graph\":[{\"@type\":\"WebPage\",\"@id\":\"https:\/\/www.atrapasuenos.cl\/?page_id=2354\",\"url\":\"https:\/\/www.atrapasuenos.cl\/?page_id=2354\",\"name\":\"MISI\u00d3N, VISI\u00d3N Y VALORES - Corporaci\u00f3n Atrapasue\u00f1os\",\"isPartOf\":{\"@id\":\"https:\/\/www.atrapasuenos.cl\/#website\"},\"datePublished\":\"2023-07-24T21:24:22+00:00\",\"dateModified\":\"2023-07-25T20:11:38+00:00\",\"breadcrumb\":{\"@id\":\"https:\/\/www.atrapasuenos.cl\/?page_id=2354#breadcrumb\"},\"inLanguage\":\"es\",\"potentialAction\":[{\"@type\":\"ReadAction\",\"target\":[\"https:\/\/www.atrapasuenos.cl\/?page_id=2354\"]}]},{\"@type\":\"BreadcrumbList\",\"@id\":\"https:\/\/www.atrapasuenos.cl\/?page_id=2354#breadcrumb\",\"itemListElement\":[{\"@type\":\"ListItem\",\"position\":1,\"name\":\"Portada\",\"item\":\"https:\/\/www.atrapasuenos.cl\/\"},{\"@type\":\"ListItem\",\"position\":2,\"name\":\"MISI\u00d3N, VISI\u00d3N Y VALORES\"}]},{\"@type\":\"WebSite\",\"@id\":\"https:\/\/www.atrapasuenos.cl\/#website\",\"url\":\"https:\/\/www.atrapasuenos.cl\/\",\"name\":\"Corporaci\u00f3n Atrapasue\u00f1os\",\"description\":\"ILUMINA UNA VIDA, DONA SALUD MENTAL\",\"publisher\":{\"@id\":\"https:\/\/www.atrapasuenos.cl\/#organization\"},\"potentialAction\":[{\"@type\":\"SearchAction\",\"target\":{\"@type\":\"EntryPoint\",\"urlTemplate\":\"https:\/\/www.atrapasuenos.cl\/?s={search_term_string}\"},\"query-input\":{\"@type\":\"PropertyValueSpecification\",\"valueRequired\":true,\"valueName\":\"search_term_string\"}}],\"inLanguage\":\"es\"},{\"@type\":\"Organization\",\"@id\":\"https:\/\/www.atrapasuenos.cl\/#organization\",\"name\":\"Corporaci\u00f3n Atrapasue\u00f1os\",\"url\":\"https:\/\/www.atrapasuenos.cl\/\",\"logo\":{\"@type\":\"ImageObject\",\"inLanguage\":\"es\",\"@id\":\"https:\/\/www.atrapasuenos.cl\/#\/schema\/logo\/image\/\",\"url\":\"http:\/\/www.atrapasuenos.cl\/wp-content\/uploads\/2021\/12\/GC_ATRAPASUENOS.png\",\"contentUrl\":\"http:\/\/www.atrapasuenos.cl\/wp-content\/uploads\/2021\/12\/GC_ATRAPASUENOS.png\",\"width\":300,\"height\":300,\"caption\":\"Corporaci\u00f3n Atrapasue\u00f1os\"},\"image\":{\"@id\":\"https:\/\/www.atrapasuenos.cl\/#\/schema\/logo\/image\/\"},\"sameAs\":[\"https:\/\/www.facebook.com\/atrapasuenos.cl\",\"https:\/\/www.instagram.com\/atrapasuenos.corp\/\"]}]}<\/script>\n<!-- \/ Yoast SEO plugin. -->","yoast_head_json":{"title":"MISI\u00d3N, VISI\u00d3N Y VALORES - Corporaci\u00f3n Atrapasue\u00f1os","robots":{"index":"index","follow":"follow","max-snippet":"max-snippet:-1","max-image-preview":"max-image-preview:large","max-video-preview":"max-video-preview:-1"},"canonical":"https:\/\/www.atrapasuenos.cl\/?page_id=2354","og_locale":"es_ES","og_type":"article","og_title":"MISI\u00d3N, VISI\u00d3N Y VALORES - Corporaci\u00f3n Atrapasue\u00f1os","og_description":"MISI\u00d3NPromover las condiciones necesarias para el pleno desarrollo de personas y comunidades vulnerables de nuestra sociedad afectadas por problemas de Salud Mental. VISI\u00d3NSer una instituci\u00f3n trascendente en la sociedad chilena, que aporte con un espacio de encuentro entre quienes anhelan entregar oportunidades de pleno desarrollo apersonas socialmente vulnerables, afectadas por problemas de salud mental, y quienes necesitan de esas oportunidades. [&hellip;]","og_url":"https:\/\/www.atrapasuenos.cl\/?page_id=2354","og_site_name":"Corporaci\u00f3n Atrapasue\u00f1os","article_publisher":"https:\/\/www.facebook.com\/atrapasuenos.cl","article_modified_time":"2023-07-25T20:11:38+00:00","twitter_card":"summary_large_image","twitter_misc":{"Tiempo de lectura":"1 minuto"},"schema":{"@context":"https:\/\/schema.org","@graph":[{"@type":"WebPage","@id":"https:\/\/www.atrapasuenos.cl\/?page_id=2354","url":"https:\/\/www.atrapasuenos.cl\/?page_id=2354","name":"MISI\u00d3N, VISI\u00d3N Y VALORES - Corporaci\u00f3n Atrapasue\u00f1os","isPartOf":{"@id":"https:\/\/www.atrapasuenos.cl\/#website"},"datePublished":"2023-07-24T21:24:22+00:00","dateModified":"2023-07-25T20:11:38+00:00","breadcrumb":{"@id":"https:\/\/www.atrapasuenos.cl\/?page_id=2354#breadcrumb"},"inLanguage":"es","potentialAction":[{"@type":"ReadAction","target":["https:\/\/www.atrapasuenos.cl\/?page_id=2354"]}]},{"@type":"BreadcrumbList","@id":"https:\/\/www.atrapasuenos.cl\/?page_id=2354#breadcrumb","itemListElement":[{"@type":"ListItem","position":1,"name":"Portada","item":"https:\/\/www.atrapasuenos.cl\/"},{"@type":"ListItem","position":2,"name":"MISI\u00d3N, VISI\u00d3N Y VALORES"}]},{"@type":"WebSite","@id":"https:\/\/www.atrapasuenos.cl\/#website","url":"https:\/\/www.atrapasuenos.cl\/","name":"Corporaci\u00f3n Atrapasue\u00f1os","description":"ILUMINA UNA VIDA, DONA SALUD MENTAL","publisher":{"@id":"https:\/\/www.atrapasuenos.cl\/#organization"},"potentialAction":[{"@type":"SearchAction","target":{"@type":"EntryPoint","urlTemplate":"https:\/\/www.atrapasuenos.cl\/?s={search_term_string}"},"query-input":{"@type":"PropertyValueSpecification","valueRequired":true,"valueName":"search_term_string"}}],"inLanguage":"es"},{"@type":"Organization","@id":"https:\/\/www.atrapasuenos.cl\/#organization","name":"Corporaci\u00f3n Atrapasue\u00f1os","url":"https:\/\/www.atrapasuenos.cl\/","logo":{"@type":"ImageObject","inLanguage":"es","@id":"https:\/\/www.atrapasuenos.cl\/#\/schema\/logo\/image\/","url":"http:\/\/www.atrapasuenos.cl\/wp-content\/uploads\/2021\/12\/GC_ATRAPASUENOS.png","contentUrl":"http:\/\/www.atrapasuenos.cl\/wp-content\/uploads\/2021\/12\/GC_ATRAPASUENOS.png","width":300,"height":300,"caption":"Corporaci\u00f3n Atrapasue\u00f1os"},"image":{"@id":"https:\/\/www.atrapasuenos.cl\/#\/schema\/logo\/image\/"},"sameAs":["https:\/\/www.facebook.com\/atrapasuenos.cl","https:\/\/www.instagram.com\/atrapasuenos.corp\/"]}]}},"_links":{"self":[{"href":"https:\/\/www.atrapasuenos.cl\/index.php?rest_route=\/wp\/v2\/pages\/2354","targetHints":{"allow":["GET"]}}],"collection":[{"href":"https:\/\/www.atrapasuenos.cl\/index.php?rest_route=\/wp\/v2\/pages"}],"about":[{"href":"https:\/\/www.atrapasuenos.cl\/index.php?rest_route=\/wp\/v2\/types\/page"}],"author":[{"embeddable":true,"href":"https:\/\/www.atrapasuenos.cl\/index.php?rest_route=\/wp\/v2\/users\/3"}],"replies":[{"embeddable":true,"href":"https:\/\/www.atrapasuenos.cl\/index.php?rest_route=%2Fwp%2Fv2%2Fcomments&post=2354"}],"version-history":[{"count":8,"href":"https:\/\/www.atrapasuenos.cl\/index.php?rest_route=\/wp\/v2\/pages\/2354\/revisions"}],"predecessor-version":[{"id":2507,"href":"https:\/\/www.atrapasuenos.cl\/index.php?rest_route=\/wp\/v2\/pages\/2354\/revisions\/2507"}],"wp:attachment":[{"href":"https:\/\/www.atrapasuenos.cl\/index.php?rest_route=%2Fwp%2Fv2%2Fmedia&parent=2354"}],"curies":[{"name":"wp","href":"https:\/\/api.w.org\/{rel}","templated":true}]}}