{"id":2373,"date":"2023-07-24T22:46:16","date_gmt":"2023-07-24T22:46:16","guid":{"rendered":"https:\/\/qa.atrapasuenos.cl\/?page_id=2373"},"modified":"2023-08-16T21:13:38","modified_gmt":"2023-08-16T21:13:38","slug":"beneficios-de-ser-parte-de-atrapasuenos","status":"publish","type":"page","link":"https:\/\/www.atrapasuenos.cl\/?page_id=2373","title":{"rendered":"BENEFICIOS DE SER PARTE DE ATRAPASUE\u00d1OS"},"content":{"rendered":"\n<p>Al ser parte de nuestra Corporaci\u00f3n, <strong>colaborando con nosotros a trav\u00e9s de tu donaci\u00f3n<\/strong>, tu empresa puede acceder a diferentes actividades formativas dedicadas a la Salud Mental y bienestar de los equipos de trabajo, para favorecer un buen clima laboral y calidad de vida de sus trabajadores.<\/p>\n\n\n\n<p>Algunas de las tem\u00e1ticas que podemos abordar son:<\/p>\n\n\n\n<p>\ud83e\udde1Autocuidado en el equipo de trabajo<\/p>\n\n\n\n<p>\ud83e\udde1S\u00edndrome de Burnout<\/p>\n\n\n\n<p>\ud83e\udde1Comunicaci\u00f3n asertiva<\/p>\n\n\n\n<p>\ud83e\udde1Como favorecer trabajo en equipo<\/p>\n\n\n\n<p>\ud83e\udde1Habilidades socio laborales<\/p>\n\n\n\n<p>\ud83e\udde1S\u00edndrome de Boreout<\/p>\n\n\n\n<p>\ud83e\udde1Inteligencia emocional para equipos conciliaci\u00f3n familia y trabajo Inclusi\u00f3n y creatividad en entorno laboral<\/p>\n\n\n\n<p>\ud83e\udde1Salud Mental y estr\u00e9s laboral<\/p>\n\n\n\n<p>\ud83e\udde1Primeros auxilios psicol\u00f3gicos<\/p>\n\n\n\n<p>\ud83e\udde1Metodolog\u00edas expositivas y participativas<\/p>\n\n\n<div class=\"wp-block-image\">\n<figure class=\"aligncenter size-large is-resized\"><a href=\"https:\/\/qa.atrapasuenos.cl\/wp-content\/uploads\/2023\/08\/2.jpg\"><img loading=\"lazy\" decoding=\"async\" src=\"https:\/\/qa.atrapasuenos.cl\/wp-content\/uploads\/2023\/08\/2-1030x1030.jpg\" alt=\"\" class=\"wp-image-2644\" width=\"305\" height=\"305\" srcset=\"https:\/\/www.atrapasuenos.cl\/wp-content\/uploads\/2023\/08\/2-1030x1030.jpg 1030w, https:\/\/www.atrapasuenos.cl\/wp-content\/uploads\/2023\/08\/2-300x300.jpg 300w, https:\/\/www.atrapasuenos.cl\/wp-content\/uploads\/2023\/08\/2-80x80.jpg 80w, https:\/\/www.atrapasuenos.cl\/wp-content\/uploads\/2023\/08\/2-768x768.jpg 768w, https:\/\/www.atrapasuenos.cl\/wp-content\/uploads\/2023\/08\/2.jpg 1080w\" sizes=\"auto, (max-width: 305px) 100vw, 305px\" \/><\/a><\/figure><\/div>\n\n\n<p> Con tu aporte le permites a una persona que no tiene acceso a Salud Mental recibir un tratamiento psicol\u00f3gico, psiqui\u00e1trico y farmacol\u00f3gico sin ning\u00fan costo.<\/p>\n\n\n<div class=\"wp-block-image\">\n<figure class=\"aligncenter size-large is-resized\"><a href=\"https:\/\/qa.atrapasuenos.cl\/wp-content\/uploads\/2023\/08\/6.jpg\"><img loading=\"lazy\" decoding=\"async\" src=\"https:\/\/qa.atrapasuenos.cl\/wp-content\/uploads\/2023\/08\/6-1030x1030.jpg\" alt=\"\" class=\"wp-image-2646\" width=\"294\" height=\"294\" srcset=\"https:\/\/www.atrapasuenos.cl\/wp-content\/uploads\/2023\/08\/6-1030x1030.jpg 1030w, https:\/\/www.atrapasuenos.cl\/wp-content\/uploads\/2023\/08\/6-300x300.jpg 300w, https:\/\/www.atrapasuenos.cl\/wp-content\/uploads\/2023\/08\/6-80x80.jpg 80w, https:\/\/www.atrapasuenos.cl\/wp-content\/uploads\/2023\/08\/6-768x768.jpg 768w, https:\/\/www.atrapasuenos.cl\/wp-content\/uploads\/2023\/08\/6.jpg 1080w\" sizes=\"auto, (max-width: 294px) 100vw, 294px\" \/><\/a><\/figure><\/div>\n\n\n<p>Nuestros profesionales requieren tu apoyo para seguir <strong>entregando Salud Mental de forma gratuita.<\/strong><\/p>\n\n\n<div class=\"wp-block-image\">\n<figure class=\"aligncenter size-large is-resized\"><a href=\"https:\/\/qa.atrapasuenos.cl\/wp-content\/uploads\/2023\/07\/10.jpg\"><img loading=\"lazy\" decoding=\"async\" src=\"https:\/\/qa.atrapasuenos.cl\/wp-content\/uploads\/2023\/07\/10-1030x579.jpg\" alt=\"\" class=\"wp-image-2526\" width=\"564\" height=\"317\" srcset=\"https:\/\/www.atrapasuenos.cl\/wp-content\/uploads\/2023\/07\/10-1030x579.jpg 1030w, https:\/\/www.atrapasuenos.cl\/wp-content\/uploads\/2023\/07\/10-300x169.jpg 300w, https:\/\/www.atrapasuenos.cl\/wp-content\/uploads\/2023\/07\/10-768x432.jpg 768w, https:\/\/www.atrapasuenos.cl\/wp-content\/uploads\/2023\/07\/10-1536x864.jpg 1536w, https:\/\/www.atrapasuenos.cl\/wp-content\/uploads\/2023\/07\/10.jpg 1920w\" sizes=\"auto, (max-width: 564px) 100vw, 564px\" \/><\/a><\/figure><\/div>\n\n\n<p class=\"has-text-align-center\"><strong>Cont\u00e1ctanos \ud83d\udc49<a href=\"https:\/\/www.atrapasuenos.cl\/?page_id=2353\" target=\"_blank\" rel=\"noreferrer noopener\">Aqu\u00ed<\/a>\ud83d\udc48<\/strong><\/p>\n","protected":false},"excerpt":{"rendered":"<p>Al ser parte de nuestra Corporaci\u00f3n, colaborando con nosotros a trav\u00e9s de tu donaci\u00f3n, tu empresa puede acceder a diferentes actividades formativas dedicadas a la Salud Mental y bienestar de los equipos de trabajo, para favorecer un buen clima laboral y calidad de vida de sus trabajadores. Algunas de las tem\u00e1ticas que podemos abordar son: \ud83e\udde1Autocuidado en el equipo de [&hellip;]<\/p>\n","protected":false},"author":3,"featured_media":0,"parent":0,"menu_order":0,"comment_status":"closed","ping_status":"closed","template":"","meta":{"footnotes":""},"class_list":["post-2373","page","type-page","status-publish","hentry"],"yoast_head":"<!-- This site is optimized with the Yoast SEO plugin v23.4 - https:\/\/yoast.com\/wordpress\/plugins\/seo\/ -->\n<title>BENEFICIOS DE SER PARTE DE ATRAPASUE\u00d1OS - Corporaci\u00f3n Atrapasue\u00f1os<\/title>\n<meta name=\"robots\" content=\"index, follow, max-snippet:-1, max-image-preview:large, max-video-preview:-1\" \/>\n<link rel=\"canonical\" href=\"https:\/\/www.atrapasuenos.cl\/?page_id=2373\" \/>\n<meta property=\"og:locale\" content=\"es_ES\" \/>\n<meta property=\"og:type\" content=\"article\" \/>\n<meta property=\"og:title\" content=\"BENEFICIOS DE SER PARTE DE ATRAPASUE\u00d1OS - Corporaci\u00f3n Atrapasue\u00f1os\" \/>\n<meta property=\"og:description\" content=\"Al ser parte de nuestra Corporaci\u00f3n, colaborando con nosotros a trav\u00e9s de tu donaci\u00f3n, tu empresa puede acceder a diferentes actividades formativas dedicadas a la Salud Mental y bienestar de los equipos de trabajo, para favorecer un buen clima laboral y calidad de vida de sus trabajadores. Algunas de las tem\u00e1ticas que podemos abordar son: \ud83e\udde1Autocuidado en el equipo de [&hellip;]\" \/>\n<meta property=\"og:url\" content=\"https:\/\/www.atrapasuenos.cl\/?page_id=2373\" \/>\n<meta property=\"og:site_name\" content=\"Corporaci\u00f3n Atrapasue\u00f1os\" \/>\n<meta property=\"article:publisher\" content=\"https:\/\/www.facebook.com\/atrapasuenos.cl\" \/>\n<meta property=\"article:modified_time\" content=\"2023-08-16T21:13:38+00:00\" \/>\n<meta property=\"og:image\" content=\"https:\/\/qa.atrapasuenos.cl\/wp-content\/uploads\/2023\/08\/2-1030x1030.jpg\" \/>\n<meta name=\"twitter:card\" content=\"summary_large_image\" \/>\n<meta name=\"twitter:label1\" content=\"Tiempo de lectura\" \/>\n\t<meta name=\"twitter:data1\" content=\"1 minuto\" \/>\n<script type=\"application\/ld+json\" class=\"yoast-schema-graph\">{\"@context\":\"https:\/\/schema.org\",\"@graph\":[{\"@type\":\"WebPage\",\"@id\":\"https:\/\/www.atrapasuenos.cl\/?page_id=2373\",\"url\":\"https:\/\/www.atrapasuenos.cl\/?page_id=2373\",\"name\":\"BENEFICIOS DE SER PARTE DE ATRAPASUE\u00d1OS - Corporaci\u00f3n Atrapasue\u00f1os\",\"isPartOf\":{\"@id\":\"https:\/\/www.atrapasuenos.cl\/#website\"},\"primaryImageOfPage\":{\"@id\":\"https:\/\/www.atrapasuenos.cl\/?page_id=2373#primaryimage\"},\"image\":{\"@id\":\"https:\/\/www.atrapasuenos.cl\/?page_id=2373#primaryimage\"},\"thumbnailUrl\":\"https:\/\/qa.atrapasuenos.cl\/wp-content\/uploads\/2023\/08\/2-1030x1030.jpg\",\"datePublished\":\"2023-07-24T22:46:16+00:00\",\"dateModified\":\"2023-08-16T21:13:38+00:00\",\"breadcrumb\":{\"@id\":\"https:\/\/www.atrapasuenos.cl\/?page_id=2373#breadcrumb\"},\"inLanguage\":\"es\",\"potentialAction\":[{\"@type\":\"ReadAction\",\"target\":[\"https:\/\/www.atrapasuenos.cl\/?page_id=2373\"]}]},{\"@type\":\"ImageObject\",\"inLanguage\":\"es\",\"@id\":\"https:\/\/www.atrapasuenos.cl\/?page_id=2373#primaryimage\",\"url\":\"https:\/\/qa.atrapasuenos.cl\/wp-content\/uploads\/2023\/08\/2-1030x1030.jpg\",\"contentUrl\":\"https:\/\/qa.atrapasuenos.cl\/wp-content\/uploads\/2023\/08\/2-1030x1030.jpg\"},{\"@type\":\"BreadcrumbList\",\"@id\":\"https:\/\/www.atrapasuenos.cl\/?page_id=2373#breadcrumb\",\"itemListElement\":[{\"@type\":\"ListItem\",\"position\":1,\"name\":\"Portada\",\"item\":\"https:\/\/www.atrapasuenos.cl\/\"},{\"@type\":\"ListItem\",\"position\":2,\"name\":\"BENEFICIOS DE SER PARTE DE ATRAPASUE\u00d1OS\"}]},{\"@type\":\"WebSite\",\"@id\":\"https:\/\/www.atrapasuenos.cl\/#website\",\"url\":\"https:\/\/www.atrapasuenos.cl\/\",\"name\":\"Corporaci\u00f3n Atrapasue\u00f1os\",\"description\":\"ILUMINA UNA VIDA, DONA SALUD MENTAL\",\"publisher\":{\"@id\":\"https:\/\/www.atrapasuenos.cl\/#organization\"},\"potentialAction\":[{\"@type\":\"SearchAction\",\"target\":{\"@type\":\"EntryPoint\",\"urlTemplate\":\"https:\/\/www.atrapasuenos.cl\/?s={search_term_string}\"},\"query-input\":{\"@type\":\"PropertyValueSpecification\",\"valueRequired\":true,\"valueName\":\"search_term_string\"}}],\"inLanguage\":\"es\"},{\"@type\":\"Organization\",\"@id\":\"https:\/\/www.atrapasuenos.cl\/#organization\",\"name\":\"Corporaci\u00f3n Atrapasue\u00f1os\",\"url\":\"https:\/\/www.atrapasuenos.cl\/\",\"logo\":{\"@type\":\"ImageObject\",\"inLanguage\":\"es\",\"@id\":\"https:\/\/www.atrapasuenos.cl\/#\/schema\/logo\/image\/\",\"url\":\"http:\/\/www.atrapasuenos.cl\/wp-content\/uploads\/2021\/12\/GC_ATRAPASUENOS.png\",\"contentUrl\":\"http:\/\/www.atrapasuenos.cl\/wp-content\/uploads\/2021\/12\/GC_ATRAPASUENOS.png\",\"width\":300,\"height\":300,\"caption\":\"Corporaci\u00f3n Atrapasue\u00f1os\"},\"image\":{\"@id\":\"https:\/\/www.atrapasuenos.cl\/#\/schema\/logo\/image\/\"},\"sameAs\":[\"https:\/\/www.facebook.com\/atrapasuenos.cl\",\"https:\/\/www.instagram.com\/atrapasuenos.corp\/\"]}]}<\/script>\n<!-- \/ Yoast SEO plugin. -->","yoast_head_json":{"title":"BENEFICIOS DE SER PARTE DE ATRAPASUE\u00d1OS - Corporaci\u00f3n Atrapasue\u00f1os","robots":{"index":"index","follow":"follow","max-snippet":"max-snippet:-1","max-image-preview":"max-image-preview:large","max-video-preview":"max-video-preview:-1"},"canonical":"https:\/\/www.atrapasuenos.cl\/?page_id=2373","og_locale":"es_ES","og_type":"article","og_title":"BENEFICIOS DE SER PARTE DE ATRAPASUE\u00d1OS - Corporaci\u00f3n Atrapasue\u00f1os","og_description":"Al ser parte de nuestra Corporaci\u00f3n, colaborando con nosotros a trav\u00e9s de tu donaci\u00f3n, tu empresa puede acceder a diferentes actividades formativas dedicadas a la Salud Mental y bienestar de los equipos de trabajo, para favorecer un buen clima laboral y calidad de vida de sus trabajadores. Algunas de las tem\u00e1ticas que podemos abordar son: \ud83e\udde1Autocuidado en el equipo de [&hellip;]","og_url":"https:\/\/www.atrapasuenos.cl\/?page_id=2373","og_site_name":"Corporaci\u00f3n Atrapasue\u00f1os","article_publisher":"https:\/\/www.facebook.com\/atrapasuenos.cl","article_modified_time":"2023-08-16T21:13:38+00:00","og_image":[{"url":"https:\/\/qa.atrapasuenos.cl\/wp-content\/uploads\/2023\/08\/2-1030x1030.jpg"}],"twitter_card":"summary_large_image","twitter_misc":{"Tiempo de lectura":"1 minuto"},"schema":{"@context":"https:\/\/schema.org","@graph":[{"@type":"WebPage","@id":"https:\/\/www.atrapasuenos.cl\/?page_id=2373","url":"https:\/\/www.atrapasuenos.cl\/?page_id=2373","name":"BENEFICIOS DE SER PARTE DE ATRAPASUE\u00d1OS - Corporaci\u00f3n Atrapasue\u00f1os","isPartOf":{"@id":"https:\/\/www.atrapasuenos.cl\/#website"},"primaryImageOfPage":{"@id":"https:\/\/www.atrapasuenos.cl\/?page_id=2373#primaryimage"},"image":{"@id":"https:\/\/www.atrapasuenos.cl\/?page_id=2373#primaryimage"},"thumbnailUrl":"https:\/\/qa.atrapasuenos.cl\/wp-content\/uploads\/2023\/08\/2-1030x1030.jpg","datePublished":"2023-07-24T22:46:16+00:00","dateModified":"2023-08-16T21:13:38+00:00","breadcrumb":{"@id":"https:\/\/www.atrapasuenos.cl\/?page_id=2373#breadcrumb"},"inLanguage":"es","potentialAction":[{"@type":"ReadAction","target":["https:\/\/www.atrapasuenos.cl\/?page_id=2373"]}]},{"@type":"ImageObject","inLanguage":"es","@id":"https:\/\/www.atrapasuenos.cl\/?page_id=2373#primaryimage","url":"https:\/\/qa.atrapasuenos.cl\/wp-content\/uploads\/2023\/08\/2-1030x1030.jpg","contentUrl":"https:\/\/qa.atrapasuenos.cl\/wp-content\/uploads\/2023\/08\/2-1030x1030.jpg"},{"@type":"BreadcrumbList","@id":"https:\/\/www.atrapasuenos.cl\/?page_id=2373#breadcrumb","itemListElement":[{"@type":"ListItem","position":1,"name":"Portada","item":"https:\/\/www.atrapasuenos.cl\/"},{"@type":"ListItem","position":2,"name":"BENEFICIOS DE SER PARTE DE ATRAPASUE\u00d1OS"}]},{"@type":"WebSite","@id":"https:\/\/www.atrapasuenos.cl\/#website","url":"https:\/\/www.atrapasuenos.cl\/","name":"Corporaci\u00f3n Atrapasue\u00f1os","description":"ILUMINA UNA VIDA, DONA SALUD MENTAL","publisher":{"@id":"https:\/\/www.atrapasuenos.cl\/#organization"},"potentialAction":[{"@type":"SearchAction","target":{"@type":"EntryPoint","urlTemplate":"https:\/\/www.atrapasuenos.cl\/?s={search_term_string}"},"query-input":{"@type":"PropertyValueSpecification","valueRequired":true,"valueName":"search_term_string"}}],"inLanguage":"es"},{"@type":"Organization","@id":"https:\/\/www.atrapasuenos.cl\/#organization","name":"Corporaci\u00f3n Atrapasue\u00f1os","url":"https:\/\/www.atrapasuenos.cl\/","logo":{"@type":"ImageObject","inLanguage":"es","@id":"https:\/\/www.atrapasuenos.cl\/#\/schema\/logo\/image\/","url":"http:\/\/www.atrapasuenos.cl\/wp-content\/uploads\/2021\/12\/GC_ATRAPASUENOS.png","contentUrl":"http:\/\/www.atrapasuenos.cl\/wp-content\/uploads\/2021\/12\/GC_ATRAPASUENOS.png","width":300,"height":300,"caption":"Corporaci\u00f3n Atrapasue\u00f1os"},"image":{"@id":"https:\/\/www.atrapasuenos.cl\/#\/schema\/logo\/image\/"},"sameAs":["https:\/\/www.facebook.com\/atrapasuenos.cl","https:\/\/www.instagram.com\/atrapasuenos.corp\/"]}]}},"_links":{"self":[{"href":"https:\/\/www.atrapasuenos.cl\/index.php?rest_route=\/wp\/v2\/pages\/2373","targetHints":{"allow":["GET"]}}],"collection":[{"href":"https:\/\/www.atrapasuenos.cl\/index.php?rest_route=\/wp\/v2\/pages"}],"about":[{"href":"https:\/\/www.atrapasuenos.cl\/index.php?rest_route=\/wp\/v2\/types\/page"}],"author":[{"embeddable":true,"href":"https:\/\/www.atrapasuenos.cl\/index.php?rest_route=\/wp\/v2\/users\/3"}],"replies":[{"embeddable":true,"href":"https:\/\/www.atrapasuenos.cl\/index.php?rest_route=%2Fwp%2Fv2%2Fcomments&post=2373"}],"version-history":[{"count":7,"href":"https:\/\/www.atrapasuenos.cl\/index.php?rest_route=\/wp\/v2\/pages\/2373\/revisions"}],"predecessor-version":[{"id":2654,"href":"https:\/\/www.atrapasuenos.cl\/index.php?rest_route=\/wp\/v2\/pages\/2373\/revisions\/2654"}],"wp:attachment":[{"href":"https:\/\/www.atrapasuenos.cl\/index.php?rest_route=%2Fwp%2Fv2%2Fmedia&parent=2373"}],"curies":[{"name":"wp","href":"https:\/\/api.w.org\/{rel}","templated":true}]}}