{"id":2733,"date":"2023-11-17T15:12:47","date_gmt":"2023-11-17T15:12:47","guid":{"rendered":"https:\/\/qa.atrapasuenos.cl\/?page_id=2733"},"modified":"2024-11-14T12:20:16","modified_gmt":"2024-11-14T12:20:16","slug":"haz-tu-aporte-aqui","status":"publish","type":"page","link":"https:\/\/www.atrapasuenos.cl\/?page_id=2733","title":{"rendered":"HAZ TU APORTE AQU\u00cd"},"content":{"rendered":"\n<p>Puedes Donar directamente aqu\u00ed\ud83d\udc49a trav\u00e9s de <strong><a href=\"http:\/\/link.mercadopago.cl\/corporacionatrapa\" target=\"_blank\" rel=\"noreferrer noopener\">Mercado Pago<\/a><\/strong><\/p>\n\n\n<div class=\"wp-block-image\">\n<figure class=\"aligncenter size-large is-resized\"><a href=\"https:\/\/qa.atrapasuenos.cl\/wp-content\/uploads\/2024\/11\/metro-atrapasuenos-Op3-1.png\"><img loading=\"lazy\" decoding=\"async\" width=\"1030\" height=\"589\" src=\"https:\/\/qa.atrapasuenos.cl\/wp-content\/uploads\/2024\/11\/metro-atrapasuenos-Op3-1-1030x589.png\" alt=\"\" class=\"wp-image-3033\" style=\"width:584px;height:auto\" srcset=\"https:\/\/www.atrapasuenos.cl\/wp-content\/uploads\/2024\/11\/metro-atrapasuenos-Op3-1-1030x589.png 1030w, https:\/\/www.atrapasuenos.cl\/wp-content\/uploads\/2024\/11\/metro-atrapasuenos-Op3-1-300x171.png 300w, https:\/\/www.atrapasuenos.cl\/wp-content\/uploads\/2024\/11\/metro-atrapasuenos-Op3-1-768x439.png 768w, https:\/\/www.atrapasuenos.cl\/wp-content\/uploads\/2024\/11\/metro-atrapasuenos-Op3-1-1536x878.png 1536w, https:\/\/www.atrapasuenos.cl\/wp-content\/uploads\/2024\/11\/metro-atrapasuenos-Op3-1.png 2000w\" sizes=\"auto, (max-width: 1030px) 100vw, 1030px\" \/><\/a><\/figure><\/div>\n\n\n<div class=\"wp-block-columns is-layout-flex wp-container-core-columns-is-layout-1 wp-block-columns-is-layout-flex\">\n<div class=\"wp-block-column is-layout-flow wp-block-column-is-layout-flow\"><div class=\"wp-block-image\">\n<figure class=\"aligncenter size-full is-resized\"><a href=\"https:\/\/qa.atrapasuenos.cl\/wp-content\/uploads\/2024\/11\/flayer-T-1.png\"><img loading=\"lazy\" decoding=\"async\" width=\"667\" height=\"1000\" src=\"https:\/\/qa.atrapasuenos.cl\/wp-content\/uploads\/2024\/11\/flayer-T-1.png\" alt=\"\" class=\"wp-image-3035\" style=\"width:288px;height:auto\" srcset=\"https:\/\/www.atrapasuenos.cl\/wp-content\/uploads\/2024\/11\/flayer-T-1.png 667w, https:\/\/www.atrapasuenos.cl\/wp-content\/uploads\/2024\/11\/flayer-T-1-200x300.png 200w\" sizes=\"auto, (max-width: 667px) 100vw, 667px\" \/><\/a><\/figure><\/div><\/div>\n\n\n\n<div class=\"wp-block-column is-vertically-aligned-center is-layout-flow wp-block-column-is-layout-flow\">\n<ol start=\"1\" class=\"wp-block-list\">\n<li>Puedes Donar trav\u00e9s de \ud83d\udc49<a href=\"http:\/\/link.mercadopago.cl\/corporacionatrapa\" target=\"_blank\" rel=\"noreferrer noopener\"><strong>Mercado Pago<\/strong><\/a><\/li>\n\n\n\n<li>Tambi\u00e9n a nuestra cuenta bancaria: Banco Chile,&nbsp;RUT 65.053.141-8 Cuenta Corriente N\u00b0 3190099309 a nombre de Corporaci\u00f3n Dr. Mario Vidal Climent \u2013 Atrapasue\u00f1os, mail<a href=\"mailto:donaciones@atrapasuenos.cl\">&nbsp;donaciones@atrapasuenos.cl<\/a><\/li>\n\n\n\n<li>Para hacerte socio\/a o ser voluntario\/a: cont\u00e1ctanos aqu\u00ed&nbsp;<a href=\"https:\/\/www.atrapasuenos.cl\/?page_id=2352\" target=\"_blank\" rel=\"noreferrer noopener\">\ud83d\udc49<strong>CONTACTO<\/strong><\/a><\/li>\n\n\n\n<li>Empresas: Donaci\u00f3n acogida a Ley de Donaciones.<\/li>\n<\/ol>\n<\/div>\n<\/div>\n\n\n\n<div class=\"wp-block-columns is-layout-flex wp-container-core-columns-is-layout-2 wp-block-columns-is-layout-flex\">\n<div class=\"wp-block-column is-layout-flow wp-block-column-is-layout-flow\">\n<p><strong>NUESTRO PROYECTO:&nbsp;<\/strong><a href=\"https:\/\/www.atrapasuenos.cl\/\" target=\"_blank\" rel=\"noreferrer noopener\"><strong>BA<\/strong><\/a><a href=\"https:\/\/www.atrapasuenos.cl\/?page_id=2833\" target=\"_blank\" rel=\"noreferrer noopener\"><strong>NCO DE HORAS<\/strong><\/a><\/p>\n\n\n\n<p>Nuestro Banco de Horas, creado para personas vulnerables que son parte de organizaciones con las que hacemos alianzas, tiene dos focos:<\/p>\n\n\n\n<ol start=\"1\" class=\"wp-block-list\">\n<li><strong>Proyecto Recuperando para una Maternidad Saludable<\/strong>, inscrito en el Banco de Proyectos y aprobado por el Ministerio de Desarrollo Social y Familia bajo la Ley de Donaciones con Fines Sociales 19.885, dirigido a madres embarazadas y en etapa de puerperio.<\/li>\n\n\n\n<li><strong>Banco de Horas ampliado<\/strong>, con el que atendemos a diversas personas, bajo la nueva Ley de Donaciones 21.440.<\/li>\n<\/ol>\n\n\n\n<p class=\"has-text-align-center\"><a style=\"\" href=\"http:\/\/link.mercadopago.cl\/corporacionatrapa\" target=\"_blank\" rel=\"noreferrer noopener\"><b>HAZ CLICK AQU\u00cd<\/b><\/a><strong><a href=\"http:\/\/link.mercadopago.cl\/corporacionatrapa\" target=\"_blank\" rel=\"noreferrer noopener\">\ud83d\udc49PARA DONAR<\/a><\/strong><\/p>\n<\/div>\n<\/div>\n\n\n\n<p><\/p>\n","protected":false},"excerpt":{"rendered":"<p>Puedes Donar directamente aqu\u00ed\ud83d\udc49a trav\u00e9s de Mercado Pago NUESTRO PROYECTO:&nbsp;BANCO DE HORAS Nuestro Banco de Horas, creado para personas vulnerables que son parte de organizaciones con las que hacemos alianzas, tiene dos focos: HAZ CLICK AQU\u00cd\ud83d\udc49PARA DONAR<\/p>\n","protected":false},"author":3,"featured_media":0,"parent":0,"menu_order":0,"comment_status":"closed","ping_status":"closed","template":"","meta":{"footnotes":""},"class_list":["post-2733","page","type-page","status-publish","hentry"],"yoast_head":"<!-- This site is optimized with the Yoast SEO plugin v23.4 - https:\/\/yoast.com\/wordpress\/plugins\/seo\/ -->\n<title>HAZ TU APORTE AQU\u00cd - Corporaci\u00f3n Atrapasue\u00f1os<\/title>\n<meta name=\"robots\" content=\"index, follow, max-snippet:-1, max-image-preview:large, max-video-preview:-1\" \/>\n<link rel=\"canonical\" href=\"https:\/\/www.atrapasuenos.cl\/?page_id=2733\" \/>\n<meta property=\"og:locale\" content=\"es_ES\" \/>\n<meta property=\"og:type\" content=\"article\" \/>\n<meta property=\"og:title\" content=\"HAZ TU APORTE AQU\u00cd - Corporaci\u00f3n Atrapasue\u00f1os\" \/>\n<meta property=\"og:description\" content=\"Puedes Donar directamente aqu\u00ed\ud83d\udc49a trav\u00e9s de Mercado Pago NUESTRO PROYECTO:&nbsp;BANCO DE HORAS Nuestro Banco de Horas, creado para personas vulnerables que son parte de organizaciones con las que hacemos alianzas, tiene dos focos: HAZ CLICK AQU\u00cd\ud83d\udc49PARA DONAR\" \/>\n<meta property=\"og:url\" content=\"https:\/\/www.atrapasuenos.cl\/?page_id=2733\" \/>\n<meta property=\"og:site_name\" content=\"Corporaci\u00f3n Atrapasue\u00f1os\" \/>\n<meta property=\"article:publisher\" content=\"https:\/\/www.facebook.com\/atrapasuenos.cl\" \/>\n<meta property=\"article:modified_time\" content=\"2024-11-14T12:20:16+00:00\" \/>\n<meta property=\"og:image\" content=\"https:\/\/qa.atrapasuenos.cl\/wp-content\/uploads\/2024\/11\/metro-atrapasuenos-Op3-1-1030x589.png\" \/>\n<meta name=\"twitter:card\" content=\"summary_large_image\" \/>\n<meta name=\"twitter:label1\" content=\"Tiempo de lectura\" \/>\n\t<meta name=\"twitter:data1\" content=\"2 minutos\" \/>\n<script type=\"application\/ld+json\" class=\"yoast-schema-graph\">{\"@context\":\"https:\/\/schema.org\",\"@graph\":[{\"@type\":\"WebPage\",\"@id\":\"https:\/\/www.atrapasuenos.cl\/?page_id=2733\",\"url\":\"https:\/\/www.atrapasuenos.cl\/?page_id=2733\",\"name\":\"HAZ TU APORTE AQU\u00cd - Corporaci\u00f3n Atrapasue\u00f1os\",\"isPartOf\":{\"@id\":\"https:\/\/www.atrapasuenos.cl\/#website\"},\"primaryImageOfPage\":{\"@id\":\"https:\/\/www.atrapasuenos.cl\/?page_id=2733#primaryimage\"},\"image\":{\"@id\":\"https:\/\/www.atrapasuenos.cl\/?page_id=2733#primaryimage\"},\"thumbnailUrl\":\"https:\/\/qa.atrapasuenos.cl\/wp-content\/uploads\/2024\/11\/metro-atrapasuenos-Op3-1-1030x589.png\",\"datePublished\":\"2023-11-17T15:12:47+00:00\",\"dateModified\":\"2024-11-14T12:20:16+00:00\",\"breadcrumb\":{\"@id\":\"https:\/\/www.atrapasuenos.cl\/?page_id=2733#breadcrumb\"},\"inLanguage\":\"es\",\"potentialAction\":[{\"@type\":\"ReadAction\",\"target\":[\"https:\/\/www.atrapasuenos.cl\/?page_id=2733\"]}]},{\"@type\":\"ImageObject\",\"inLanguage\":\"es\",\"@id\":\"https:\/\/www.atrapasuenos.cl\/?page_id=2733#primaryimage\",\"url\":\"https:\/\/qa.atrapasuenos.cl\/wp-content\/uploads\/2024\/11\/metro-atrapasuenos-Op3-1-1030x589.png\",\"contentUrl\":\"https:\/\/qa.atrapasuenos.cl\/wp-content\/uploads\/2024\/11\/metro-atrapasuenos-Op3-1-1030x589.png\"},{\"@type\":\"BreadcrumbList\",\"@id\":\"https:\/\/www.atrapasuenos.cl\/?page_id=2733#breadcrumb\",\"itemListElement\":[{\"@type\":\"ListItem\",\"position\":1,\"name\":\"Portada\",\"item\":\"https:\/\/www.atrapasuenos.cl\/\"},{\"@type\":\"ListItem\",\"position\":2,\"name\":\"HAZ TU APORTE AQU\u00cd\"}]},{\"@type\":\"WebSite\",\"@id\":\"https:\/\/www.atrapasuenos.cl\/#website\",\"url\":\"https:\/\/www.atrapasuenos.cl\/\",\"name\":\"Corporaci\u00f3n Atrapasue\u00f1os\",\"description\":\"ILUMINA UNA VIDA, DONA SALUD MENTAL\",\"publisher\":{\"@id\":\"https:\/\/www.atrapasuenos.cl\/#organization\"},\"potentialAction\":[{\"@type\":\"SearchAction\",\"target\":{\"@type\":\"EntryPoint\",\"urlTemplate\":\"https:\/\/www.atrapasuenos.cl\/?s={search_term_string}\"},\"query-input\":{\"@type\":\"PropertyValueSpecification\",\"valueRequired\":true,\"valueName\":\"search_term_string\"}}],\"inLanguage\":\"es\"},{\"@type\":\"Organization\",\"@id\":\"https:\/\/www.atrapasuenos.cl\/#organization\",\"name\":\"Corporaci\u00f3n Atrapasue\u00f1os\",\"url\":\"https:\/\/www.atrapasuenos.cl\/\",\"logo\":{\"@type\":\"ImageObject\",\"inLanguage\":\"es\",\"@id\":\"https:\/\/www.atrapasuenos.cl\/#\/schema\/logo\/image\/\",\"url\":\"http:\/\/www.atrapasuenos.cl\/wp-content\/uploads\/2021\/12\/GC_ATRAPASUENOS.png\",\"contentUrl\":\"http:\/\/www.atrapasuenos.cl\/wp-content\/uploads\/2021\/12\/GC_ATRAPASUENOS.png\",\"width\":300,\"height\":300,\"caption\":\"Corporaci\u00f3n Atrapasue\u00f1os\"},\"image\":{\"@id\":\"https:\/\/www.atrapasuenos.cl\/#\/schema\/logo\/image\/\"},\"sameAs\":[\"https:\/\/www.facebook.com\/atrapasuenos.cl\",\"https:\/\/www.instagram.com\/atrapasuenos.corp\/\"]}]}<\/script>\n<!-- \/ Yoast SEO plugin. -->","yoast_head_json":{"title":"HAZ TU APORTE AQU\u00cd - Corporaci\u00f3n Atrapasue\u00f1os","robots":{"index":"index","follow":"follow","max-snippet":"max-snippet:-1","max-image-preview":"max-image-preview:large","max-video-preview":"max-video-preview:-1"},"canonical":"https:\/\/www.atrapasuenos.cl\/?page_id=2733","og_locale":"es_ES","og_type":"article","og_title":"HAZ TU APORTE AQU\u00cd - Corporaci\u00f3n Atrapasue\u00f1os","og_description":"Puedes Donar directamente aqu\u00ed\ud83d\udc49a trav\u00e9s de Mercado Pago NUESTRO PROYECTO:&nbsp;BANCO DE HORAS Nuestro Banco de Horas, creado para personas vulnerables que son parte de organizaciones con las que hacemos alianzas, tiene dos focos: HAZ CLICK AQU\u00cd\ud83d\udc49PARA DONAR","og_url":"https:\/\/www.atrapasuenos.cl\/?page_id=2733","og_site_name":"Corporaci\u00f3n Atrapasue\u00f1os","article_publisher":"https:\/\/www.facebook.com\/atrapasuenos.cl","article_modified_time":"2024-11-14T12:20:16+00:00","og_image":[{"url":"https:\/\/qa.atrapasuenos.cl\/wp-content\/uploads\/2024\/11\/metro-atrapasuenos-Op3-1-1030x589.png"}],"twitter_card":"summary_large_image","twitter_misc":{"Tiempo de lectura":"2 minutos"},"schema":{"@context":"https:\/\/schema.org","@graph":[{"@type":"WebPage","@id":"https:\/\/www.atrapasuenos.cl\/?page_id=2733","url":"https:\/\/www.atrapasuenos.cl\/?page_id=2733","name":"HAZ TU APORTE AQU\u00cd - Corporaci\u00f3n Atrapasue\u00f1os","isPartOf":{"@id":"https:\/\/www.atrapasuenos.cl\/#website"},"primaryImageOfPage":{"@id":"https:\/\/www.atrapasuenos.cl\/?page_id=2733#primaryimage"},"image":{"@id":"https:\/\/www.atrapasuenos.cl\/?page_id=2733#primaryimage"},"thumbnailUrl":"https:\/\/qa.atrapasuenos.cl\/wp-content\/uploads\/2024\/11\/metro-atrapasuenos-Op3-1-1030x589.png","datePublished":"2023-11-17T15:12:47+00:00","dateModified":"2024-11-14T12:20:16+00:00","breadcrumb":{"@id":"https:\/\/www.atrapasuenos.cl\/?page_id=2733#breadcrumb"},"inLanguage":"es","potentialAction":[{"@type":"ReadAction","target":["https:\/\/www.atrapasuenos.cl\/?page_id=2733"]}]},{"@type":"ImageObject","inLanguage":"es","@id":"https:\/\/www.atrapasuenos.cl\/?page_id=2733#primaryimage","url":"https:\/\/qa.atrapasuenos.cl\/wp-content\/uploads\/2024\/11\/metro-atrapasuenos-Op3-1-1030x589.png","contentUrl":"https:\/\/qa.atrapasuenos.cl\/wp-content\/uploads\/2024\/11\/metro-atrapasuenos-Op3-1-1030x589.png"},{"@type":"BreadcrumbList","@id":"https:\/\/www.atrapasuenos.cl\/?page_id=2733#breadcrumb","itemListElement":[{"@type":"ListItem","position":1,"name":"Portada","item":"https:\/\/www.atrapasuenos.cl\/"},{"@type":"ListItem","position":2,"name":"HAZ TU APORTE AQU\u00cd"}]},{"@type":"WebSite","@id":"https:\/\/www.atrapasuenos.cl\/#website","url":"https:\/\/www.atrapasuenos.cl\/","name":"Corporaci\u00f3n Atrapasue\u00f1os","description":"ILUMINA UNA VIDA, DONA SALUD MENTAL","publisher":{"@id":"https:\/\/www.atrapasuenos.cl\/#organization"},"potentialAction":[{"@type":"SearchAction","target":{"@type":"EntryPoint","urlTemplate":"https:\/\/www.atrapasuenos.cl\/?s={search_term_string}"},"query-input":{"@type":"PropertyValueSpecification","valueRequired":true,"valueName":"search_term_string"}}],"inLanguage":"es"},{"@type":"Organization","@id":"https:\/\/www.atrapasuenos.cl\/#organization","name":"Corporaci\u00f3n Atrapasue\u00f1os","url":"https:\/\/www.atrapasuenos.cl\/","logo":{"@type":"ImageObject","inLanguage":"es","@id":"https:\/\/www.atrapasuenos.cl\/#\/schema\/logo\/image\/","url":"http:\/\/www.atrapasuenos.cl\/wp-content\/uploads\/2021\/12\/GC_ATRAPASUENOS.png","contentUrl":"http:\/\/www.atrapasuenos.cl\/wp-content\/uploads\/2021\/12\/GC_ATRAPASUENOS.png","width":300,"height":300,"caption":"Corporaci\u00f3n Atrapasue\u00f1os"},"image":{"@id":"https:\/\/www.atrapasuenos.cl\/#\/schema\/logo\/image\/"},"sameAs":["https:\/\/www.facebook.com\/atrapasuenos.cl","https:\/\/www.instagram.com\/atrapasuenos.corp\/"]}]}},"_links":{"self":[{"href":"https:\/\/www.atrapasuenos.cl\/index.php?rest_route=\/wp\/v2\/pages\/2733","targetHints":{"allow":["GET"]}}],"collection":[{"href":"https:\/\/www.atrapasuenos.cl\/index.php?rest_route=\/wp\/v2\/pages"}],"about":[{"href":"https:\/\/www.atrapasuenos.cl\/index.php?rest_route=\/wp\/v2\/types\/page"}],"author":[{"embeddable":true,"href":"https:\/\/www.atrapasuenos.cl\/index.php?rest_route=\/wp\/v2\/users\/3"}],"replies":[{"embeddable":true,"href":"https:\/\/www.atrapasuenos.cl\/index.php?rest_route=%2Fwp%2Fv2%2Fcomments&post=2733"}],"version-history":[{"count":16,"href":"https:\/\/www.atrapasuenos.cl\/index.php?rest_route=\/wp\/v2\/pages\/2733\/revisions"}],"predecessor-version":[{"id":3037,"href":"https:\/\/www.atrapasuenos.cl\/index.php?rest_route=\/wp\/v2\/pages\/2733\/revisions\/3037"}],"wp:attachment":[{"href":"https:\/\/www.atrapasuenos.cl\/index.php?rest_route=%2Fwp%2Fv2%2Fmedia&parent=2733"}],"curies":[{"name":"wp","href":"https:\/\/api.w.org\/{rel}","templated":true}]}}